{"id":25470,"date":"2024-02-11T23:41:54","date_gmt":"2024-02-11T20:41:54","guid":{"rendered":"https:\/\/beyazbutik.com\/?post_type=product&#038;p=25470"},"modified":"2025-02-22T20:08:02","modified_gmt":"2025-02-22T17:08:02","slug":"maddy","status":"publish","type":"product","link":"https:\/\/beyazbutik.com\/ar\/product\/maddy\/","title":{"rendered":"Maddy"},"content":{"rendered":"","protected":false},"excerpt":{"rendered":"<p>Maddy, do\u011fan\u0131n zarafetini ve sanat\u0131n dokunu\u015funu bir araya getiriyor!<\/p>\n<p>Maddy, organik \u00e7i\u00e7ek detaylar\u0131 ve benzersiz dokusuyla modern romantizmi yans\u0131t\u0131yor. Omuz detaylar\u0131, hacimli ete\u011fi ve \u00f6zel tasarlanm\u0131\u015f \u00e7anta aksesuar\u0131 ile s\u0131ra d\u0131\u015f\u0131 bir gelinlik deneyimi sunuyor.\u2028<\/p>\n","protected":false},"featured_media":25381,"template":"","meta":[],"product_brand":[],"product_cat":[287,198],"product_tag":[],"class_list":{"0":"post-25470","1":"product","2":"type-product","3":"status-publish","4":"has-post-thumbnail","6":"product_cat-experience-of-romance","7":"product_cat-gelinlik","9":"first","10":"instock","11":"shipping-taxable","12":"product-type-simple"},"_links":{"self":[{"href":"https:\/\/beyazbutik.com\/ar\/wp-json\/wp\/v2\/product\/25470","targetHints":{"allow":["GET"]}}],"collection":[{"href":"https:\/\/beyazbutik.com\/ar\/wp-json\/wp\/v2\/product"}],"about":[{"href":"https:\/\/beyazbutik.com\/ar\/wp-json\/wp\/v2\/types\/product"}],"version-history":[{"count":1,"href":"https:\/\/beyazbutik.com\/ar\/wp-json\/wp\/v2\/product\/25470\/revisions"}],"predecessor-version":[{"id":25979,"href":"https:\/\/beyazbutik.com\/ar\/wp-json\/wp\/v2\/product\/25470\/revisions\/25979"}],"wp:featuredmedia":[{"embeddable":true,"href":"https:\/\/beyazbutik.com\/ar\/wp-json\/wp\/v2\/media\/25381"}],"wp:attachment":[{"href":"https:\/\/beyazbutik.com\/ar\/wp-json\/wp\/v2\/media?parent=25470"}],"wp:term":[{"taxonomy":"product_brand","embeddable":true,"href":"https:\/\/beyazbutik.com\/ar\/wp-json\/wp\/v2\/product_brand?post=25470"},{"taxonomy":"product_cat","embeddable":true,"href":"https:\/\/beyazbutik.com\/ar\/wp-json\/wp\/v2\/product_cat?post=25470"},{"taxonomy":"product_tag","embeddable":true,"href":"https:\/\/beyazbutik.com\/ar\/wp-json\/wp\/v2\/product_tag?post=25470"}],"curies":[{"name":"wp","href":"https:\/\/api.w.org\/{rel}","templated":true}]}}