{"id":25471,"date":"2024-02-11T23:41:55","date_gmt":"2024-02-11T20:41:55","guid":{"rendered":"https:\/\/beyazbutik.com\/?post_type=product&#038;p=25471"},"modified":"2025-02-22T20:08:02","modified_gmt":"2025-02-22T17:08:02","slug":"margarette","status":"publish","type":"product","link":"https:\/\/beyazbutik.com\/ar\/product\/margarette\/","title":{"rendered":"Margarette"},"content":{"rendered":"","protected":false},"excerpt":{"rendered":"<p>Margarette, zamans\u0131z bir zarafetin simgesi!&nbsp;<\/p>\n<p>Minimalist \u00e7izgiler, sofistike pelerin ve etkileyici drape detaylar\u0131yla Margarette, g\u00fc\u00e7l\u00fc ve modern bir duru\u015f sergiliyor. Y\u0131rtma\u00e7 detay\u0131 ise gelinli\u011fe hareket katarken, \u00e7arp\u0131c\u0131 siluetiyle fark yarat\u0131yor.\u2028<\/p>\n","protected":false},"featured_media":25387,"template":"","meta":[],"product_brand":[],"product_cat":[287,198],"product_tag":[],"class_list":{"0":"post-25471","1":"product","2":"type-product","3":"status-publish","4":"has-post-thumbnail","6":"product_cat-experience-of-romance","7":"product_cat-gelinlik","9":"first","10":"instock","11":"shipping-taxable","12":"product-type-simple"},"_links":{"self":[{"href":"https:\/\/beyazbutik.com\/ar\/wp-json\/wp\/v2\/product\/25471","targetHints":{"allow":["GET"]}}],"collection":[{"href":"https:\/\/beyazbutik.com\/ar\/wp-json\/wp\/v2\/product"}],"about":[{"href":"https:\/\/beyazbutik.com\/ar\/wp-json\/wp\/v2\/types\/product"}],"version-history":[{"count":1,"href":"https:\/\/beyazbutik.com\/ar\/wp-json\/wp\/v2\/product\/25471\/revisions"}],"predecessor-version":[{"id":25980,"href":"https:\/\/beyazbutik.com\/ar\/wp-json\/wp\/v2\/product\/25471\/revisions\/25980"}],"wp:featuredmedia":[{"embeddable":true,"href":"https:\/\/beyazbutik.com\/ar\/wp-json\/wp\/v2\/media\/25387"}],"wp:attachment":[{"href":"https:\/\/beyazbutik.com\/ar\/wp-json\/wp\/v2\/media?parent=25471"}],"wp:term":[{"taxonomy":"product_brand","embeddable":true,"href":"https:\/\/beyazbutik.com\/ar\/wp-json\/wp\/v2\/product_brand?post=25471"},{"taxonomy":"product_cat","embeddable":true,"href":"https:\/\/beyazbutik.com\/ar\/wp-json\/wp\/v2\/product_cat?post=25471"},{"taxonomy":"product_tag","embeddable":true,"href":"https:\/\/beyazbutik.com\/ar\/wp-json\/wp\/v2\/product_tag?post=25471"}],"curies":[{"name":"wp","href":"https:\/\/api.w.org\/{rel}","templated":true}]}}