{"id":25472,"date":"2024-02-11T23:41:55","date_gmt":"2024-02-11T20:41:55","guid":{"rendered":"https:\/\/beyazbutik.com\/?post_type=product&#038;p=25472"},"modified":"2025-02-22T20:08:02","modified_gmt":"2025-02-22T17:08:02","slug":"marilyn","status":"publish","type":"product","link":"https:\/\/beyazbutik.com\/ar\/product\/marilyn\/","title":{"rendered":"Marilyn"},"content":{"rendered":"","protected":false},"excerpt":{"rendered":"<p>Marilyn, zarif sadeli\u011fin en ihti\u015faml\u0131 hali!&nbsp;<\/p>\n<p>Omuzlar\u0131 saran drape detay\u0131 ve ak\u0131c\u0131 siluetiyle Marilyn, zamans\u0131z ve sofistike bir g\u00f6r\u00fcn\u00fcm sunuyor. \u0130nce i\u015f\u00e7ili\u011fiyle dikkat \u00e7eken bu tasar\u0131m, klasik \u015f\u0131kl\u0131\u011f\u0131 modern dokunu\u015flarla bulu\u015fturuyor. Kusursuz kesimiyle her ad\u0131mda zarafeti hissettiriyor.\u2028<\/p>\n","protected":false},"featured_media":25395,"template":"","meta":[],"product_brand":[],"product_cat":[287,198],"product_tag":[],"class_list":{"0":"post-25472","1":"product","2":"type-product","3":"status-publish","4":"has-post-thumbnail","6":"product_cat-experience-of-romance","7":"product_cat-gelinlik","9":"first","10":"instock","11":"shipping-taxable","12":"product-type-simple"},"_links":{"self":[{"href":"https:\/\/beyazbutik.com\/ar\/wp-json\/wp\/v2\/product\/25472","targetHints":{"allow":["GET"]}}],"collection":[{"href":"https:\/\/beyazbutik.com\/ar\/wp-json\/wp\/v2\/product"}],"about":[{"href":"https:\/\/beyazbutik.com\/ar\/wp-json\/wp\/v2\/types\/product"}],"version-history":[{"count":1,"href":"https:\/\/beyazbutik.com\/ar\/wp-json\/wp\/v2\/product\/25472\/revisions"}],"predecessor-version":[{"id":25981,"href":"https:\/\/beyazbutik.com\/ar\/wp-json\/wp\/v2\/product\/25472\/revisions\/25981"}],"wp:featuredmedia":[{"embeddable":true,"href":"https:\/\/beyazbutik.com\/ar\/wp-json\/wp\/v2\/media\/25395"}],"wp:attachment":[{"href":"https:\/\/beyazbutik.com\/ar\/wp-json\/wp\/v2\/media?parent=25472"}],"wp:term":[{"taxonomy":"product_brand","embeddable":true,"href":"https:\/\/beyazbutik.com\/ar\/wp-json\/wp\/v2\/product_brand?post=25472"},{"taxonomy":"product_cat","embeddable":true,"href":"https:\/\/beyazbutik.com\/ar\/wp-json\/wp\/v2\/product_cat?post=25472"},{"taxonomy":"product_tag","embeddable":true,"href":"https:\/\/beyazbutik.com\/ar\/wp-json\/wp\/v2\/product_tag?post=25472"}],"curies":[{"name":"wp","href":"https:\/\/api.w.org\/{rel}","templated":true}]}}