{"id":25473,"date":"2024-02-11T23:41:55","date_gmt":"2024-02-11T20:41:55","guid":{"rendered":"https:\/\/beyazbutik.com\/?post_type=product&#038;p=25473"},"modified":"2025-02-28T21:41:52","modified_gmt":"2025-02-28T18:41:52","slug":"marry","status":"publish","type":"product","link":"https:\/\/beyazbutik.com\/ar\/product\/marry\/","title":{"rendered":"Marry"},"content":{"rendered":"","protected":false},"excerpt":{"rendered":"<p>Marry, romantik gelinlerin r\u00fcya gibi tercihi!&nbsp;<\/p>\n<p>Kat kat \u015fifon etekleri ve inci i\u015flemeleriyle Marry, masals\u0131 bir gelinlik arayanlar i\u00e7in m\u00fckemmel bir se\u00e7enek. Hafif ve ak\u0131c\u0131 dokusuyla zarafeti \u00f6n plana \u00e7\u0131kar\u0131rken, b\u00fcy\u00fcleyici siluetiyle g\u00f6z kama\u015ft\u0131r\u0131yor.\u2028<\/p>\n","protected":false},"featured_media":25405,"template":"","meta":[],"product_brand":[],"product_cat":[294,287,198],"product_tag":[],"class_list":{"0":"post-25473","1":"product","2":"type-product","3":"status-publish","4":"has-post-thumbnail","6":"product_cat-bestsellers","7":"product_cat-experience-of-romance","8":"product_cat-gelinlik","10":"first","11":"instock","12":"shipping-taxable","13":"product-type-simple"},"_links":{"self":[{"href":"https:\/\/beyazbutik.com\/ar\/wp-json\/wp\/v2\/product\/25473","targetHints":{"allow":["GET"]}}],"collection":[{"href":"https:\/\/beyazbutik.com\/ar\/wp-json\/wp\/v2\/product"}],"about":[{"href":"https:\/\/beyazbutik.com\/ar\/wp-json\/wp\/v2\/types\/product"}],"version-history":[{"count":1,"href":"https:\/\/beyazbutik.com\/ar\/wp-json\/wp\/v2\/product\/25473\/revisions"}],"predecessor-version":[{"id":25982,"href":"https:\/\/beyazbutik.com\/ar\/wp-json\/wp\/v2\/product\/25473\/revisions\/25982"}],"wp:featuredmedia":[{"embeddable":true,"href":"https:\/\/beyazbutik.com\/ar\/wp-json\/wp\/v2\/media\/25405"}],"wp:attachment":[{"href":"https:\/\/beyazbutik.com\/ar\/wp-json\/wp\/v2\/media?parent=25473"}],"wp:term":[{"taxonomy":"product_brand","embeddable":true,"href":"https:\/\/beyazbutik.com\/ar\/wp-json\/wp\/v2\/product_brand?post=25473"},{"taxonomy":"product_cat","embeddable":true,"href":"https:\/\/beyazbutik.com\/ar\/wp-json\/wp\/v2\/product_cat?post=25473"},{"taxonomy":"product_tag","embeddable":true,"href":"https:\/\/beyazbutik.com\/ar\/wp-json\/wp\/v2\/product_tag?post=25473"}],"curies":[{"name":"wp","href":"https:\/\/api.w.org\/{rel}","templated":true}]}}