{"id":25474,"date":"2024-02-11T23:41:56","date_gmt":"2024-02-11T20:41:56","guid":{"rendered":"https:\/\/beyazbutik.com\/?post_type=product&#038;p=25474"},"modified":"2025-02-22T20:08:11","modified_gmt":"2025-02-22T17:08:11","slug":"marsi","status":"publish","type":"product","link":"https:\/\/beyazbutik.com\/ar\/product\/marsi\/","title":{"rendered":"Marsi"},"content":{"rendered":"","protected":false},"excerpt":{"rendered":"<p>Marsi, cesur ve modern gelinler i\u00e7in kusursuz bir se\u00e7im!&nbsp;<\/p>\n<p>Straplez korsesi, ince i\u015flenmi\u015f inci detaylar\u0131 ve asimetrik drape kesimiyle Marsi, \u00f6zg\u00fcvenli ve sofistike bir tarz sunuyor. K\u0131sa siluetiyle enerjik bir hava katarken, zarif s\u00fcslemeleriyle romantizmi tamaml\u0131yor.\u2028<\/p>\n","protected":false},"featured_media":25409,"template":"","meta":[],"product_brand":[],"product_cat":[287,198],"product_tag":[],"class_list":{"0":"post-25474","1":"product","2":"type-product","3":"status-publish","4":"has-post-thumbnail","6":"product_cat-experience-of-romance","7":"product_cat-gelinlik","9":"first","10":"instock","11":"shipping-taxable","12":"product-type-simple"},"_links":{"self":[{"href":"https:\/\/beyazbutik.com\/ar\/wp-json\/wp\/v2\/product\/25474","targetHints":{"allow":["GET"]}}],"collection":[{"href":"https:\/\/beyazbutik.com\/ar\/wp-json\/wp\/v2\/product"}],"about":[{"href":"https:\/\/beyazbutik.com\/ar\/wp-json\/wp\/v2\/types\/product"}],"version-history":[{"count":1,"href":"https:\/\/beyazbutik.com\/ar\/wp-json\/wp\/v2\/product\/25474\/revisions"}],"predecessor-version":[{"id":25983,"href":"https:\/\/beyazbutik.com\/ar\/wp-json\/wp\/v2\/product\/25474\/revisions\/25983"}],"wp:featuredmedia":[{"embeddable":true,"href":"https:\/\/beyazbutik.com\/ar\/wp-json\/wp\/v2\/media\/25409"}],"wp:attachment":[{"href":"https:\/\/beyazbutik.com\/ar\/wp-json\/wp\/v2\/media?parent=25474"}],"wp:term":[{"taxonomy":"product_brand","embeddable":true,"href":"https:\/\/beyazbutik.com\/ar\/wp-json\/wp\/v2\/product_brand?post=25474"},{"taxonomy":"product_cat","embeddable":true,"href":"https:\/\/beyazbutik.com\/ar\/wp-json\/wp\/v2\/product_cat?post=25474"},{"taxonomy":"product_tag","embeddable":true,"href":"https:\/\/beyazbutik.com\/ar\/wp-json\/wp\/v2\/product_tag?post=25474"}],"curies":[{"name":"wp","href":"https:\/\/api.w.org\/{rel}","templated":true}]}}