{"id":25475,"date":"2024-02-11T23:41:56","date_gmt":"2024-02-11T20:41:56","guid":{"rendered":"https:\/\/beyazbutik.com\/?post_type=product&#038;p=25475"},"modified":"2025-02-22T20:08:11","modified_gmt":"2025-02-22T17:08:11","slug":"nancy","status":"publish","type":"product","link":"https:\/\/beyazbutik.com\/ar\/product\/nancy\/","title":{"rendered":"Nancy"},"content":{"rendered":"","protected":false},"excerpt":{"rendered":"<p>Nancy, zarafeti ve cesareti bir araya getiriyor!&nbsp;<\/p>\n<p>Romantik t\u00fcl kollar, derin y\u0131rtma\u00e7 ve i\u015flemeli korsesiyle Nancy, modern bir prensesin hayalini yans\u0131t\u0131yor. Ak\u0131\u015fkan ete\u011fi ve zarif detaylar\u0131yla hem klasik hem de \u00e7a\u011fda\u015f bir g\u00f6r\u00fcn\u00fcm sunuyor.\u2028<\/p>\n","protected":false},"featured_media":25411,"template":"","meta":[],"product_brand":[],"product_cat":[287,198],"product_tag":[],"class_list":{"0":"post-25475","1":"product","2":"type-product","3":"status-publish","4":"has-post-thumbnail","6":"product_cat-experience-of-romance","7":"product_cat-gelinlik","9":"first","10":"instock","11":"shipping-taxable","12":"product-type-simple"},"_links":{"self":[{"href":"https:\/\/beyazbutik.com\/ar\/wp-json\/wp\/v2\/product\/25475","targetHints":{"allow":["GET"]}}],"collection":[{"href":"https:\/\/beyazbutik.com\/ar\/wp-json\/wp\/v2\/product"}],"about":[{"href":"https:\/\/beyazbutik.com\/ar\/wp-json\/wp\/v2\/types\/product"}],"version-history":[{"count":1,"href":"https:\/\/beyazbutik.com\/ar\/wp-json\/wp\/v2\/product\/25475\/revisions"}],"predecessor-version":[{"id":25984,"href":"https:\/\/beyazbutik.com\/ar\/wp-json\/wp\/v2\/product\/25475\/revisions\/25984"}],"wp:featuredmedia":[{"embeddable":true,"href":"https:\/\/beyazbutik.com\/ar\/wp-json\/wp\/v2\/media\/25411"}],"wp:attachment":[{"href":"https:\/\/beyazbutik.com\/ar\/wp-json\/wp\/v2\/media?parent=25475"}],"wp:term":[{"taxonomy":"product_brand","embeddable":true,"href":"https:\/\/beyazbutik.com\/ar\/wp-json\/wp\/v2\/product_brand?post=25475"},{"taxonomy":"product_cat","embeddable":true,"href":"https:\/\/beyazbutik.com\/ar\/wp-json\/wp\/v2\/product_cat?post=25475"},{"taxonomy":"product_tag","embeddable":true,"href":"https:\/\/beyazbutik.com\/ar\/wp-json\/wp\/v2\/product_tag?post=25475"}],"curies":[{"name":"wp","href":"https:\/\/api.w.org\/{rel}","templated":true}]}}