{"id":25476,"date":"2024-02-11T23:41:56","date_gmt":"2024-02-11T20:41:56","guid":{"rendered":"https:\/\/beyazbutik.com\/?post_type=product&#038;p=25476"},"modified":"2025-02-22T20:08:11","modified_gmt":"2025-02-22T17:08:11","slug":"nova","status":"publish","type":"product","link":"https:\/\/beyazbutik.com\/ar\/product\/nova\/","title":{"rendered":"Nova"},"content":{"rendered":"","protected":false},"excerpt":{"rendered":"<p>Nova, zarif ve sofistike bir dokunu\u015f!<\/p>\n<p>Dantel detaylar\u0131yla bezeli uzun kollu tasar\u0131m\u0131, klasik ve modern \u00e7izgileri kusursuz bir \u015fekilde harmanl\u0131yor. Ak\u0131\u015fkan ete\u011fi ve zarif transparan g\u00f6vdesiyle Nova, zamans\u0131z bir siluete sahip.\u2028<\/p>\n","protected":false},"featured_media":25419,"template":"","meta":[],"product_brand":[],"product_cat":[287,198],"product_tag":[],"class_list":{"0":"post-25476","1":"product","2":"type-product","3":"status-publish","4":"has-post-thumbnail","6":"product_cat-experience-of-romance","7":"product_cat-gelinlik","9":"first","10":"instock","11":"shipping-taxable","12":"product-type-simple"},"_links":{"self":[{"href":"https:\/\/beyazbutik.com\/ar\/wp-json\/wp\/v2\/product\/25476","targetHints":{"allow":["GET"]}}],"collection":[{"href":"https:\/\/beyazbutik.com\/ar\/wp-json\/wp\/v2\/product"}],"about":[{"href":"https:\/\/beyazbutik.com\/ar\/wp-json\/wp\/v2\/types\/product"}],"version-history":[{"count":1,"href":"https:\/\/beyazbutik.com\/ar\/wp-json\/wp\/v2\/product\/25476\/revisions"}],"predecessor-version":[{"id":25985,"href":"https:\/\/beyazbutik.com\/ar\/wp-json\/wp\/v2\/product\/25476\/revisions\/25985"}],"wp:featuredmedia":[{"embeddable":true,"href":"https:\/\/beyazbutik.com\/ar\/wp-json\/wp\/v2\/media\/25419"}],"wp:attachment":[{"href":"https:\/\/beyazbutik.com\/ar\/wp-json\/wp\/v2\/media?parent=25476"}],"wp:term":[{"taxonomy":"product_brand","embeddable":true,"href":"https:\/\/beyazbutik.com\/ar\/wp-json\/wp\/v2\/product_brand?post=25476"},{"taxonomy":"product_cat","embeddable":true,"href":"https:\/\/beyazbutik.com\/ar\/wp-json\/wp\/v2\/product_cat?post=25476"},{"taxonomy":"product_tag","embeddable":true,"href":"https:\/\/beyazbutik.com\/ar\/wp-json\/wp\/v2\/product_tag?post=25476"}],"curies":[{"name":"wp","href":"https:\/\/api.w.org\/{rel}","templated":true}]}}