{"id":25477,"date":"2024-02-11T23:41:57","date_gmt":"2024-02-11T20:41:57","guid":{"rendered":"https:\/\/beyazbutik.com\/?post_type=product&#038;p=25477"},"modified":"2025-02-28T21:41:52","modified_gmt":"2025-02-28T18:41:52","slug":"oprah","status":"publish","type":"product","link":"https:\/\/beyazbutik.com\/ar\/product\/oprah\/","title":{"rendered":"Oprah"},"content":{"rendered":"","protected":false},"excerpt":{"rendered":"<p>Oprah, heykelsi formlar\u0131yla b\u00fcy\u00fcleyici bir siluet!&nbsp;<\/p>\n<p>Asimetrik drapeleri ve \u00fc\u00e7 boyutlu \u00e7i\u00e7ek i\u015flemeleriyle \u00f6ne \u00e7\u0131kan Oprah, cesur ve modern bir tasar\u0131m sunuyor. Yap\u0131sal formu ve zarif kuma\u015f\u0131 sayesinde hem g\u00fc\u00e7l\u00fc hem de romantik bir etki yarat\u0131yor.\u2028<\/p>\n","protected":false},"featured_media":25425,"template":"","meta":[],"product_brand":[],"product_cat":[294,287,198],"product_tag":[],"class_list":{"0":"post-25477","1":"product","2":"type-product","3":"status-publish","4":"has-post-thumbnail","6":"product_cat-bestsellers","7":"product_cat-experience-of-romance","8":"product_cat-gelinlik","10":"first","11":"instock","12":"shipping-taxable","13":"product-type-simple"},"_links":{"self":[{"href":"https:\/\/beyazbutik.com\/ar\/wp-json\/wp\/v2\/product\/25477","targetHints":{"allow":["GET"]}}],"collection":[{"href":"https:\/\/beyazbutik.com\/ar\/wp-json\/wp\/v2\/product"}],"about":[{"href":"https:\/\/beyazbutik.com\/ar\/wp-json\/wp\/v2\/types\/product"}],"version-history":[{"count":1,"href":"https:\/\/beyazbutik.com\/ar\/wp-json\/wp\/v2\/product\/25477\/revisions"}],"predecessor-version":[{"id":25986,"href":"https:\/\/beyazbutik.com\/ar\/wp-json\/wp\/v2\/product\/25477\/revisions\/25986"}],"wp:featuredmedia":[{"embeddable":true,"href":"https:\/\/beyazbutik.com\/ar\/wp-json\/wp\/v2\/media\/25425"}],"wp:attachment":[{"href":"https:\/\/beyazbutik.com\/ar\/wp-json\/wp\/v2\/media?parent=25477"}],"wp:term":[{"taxonomy":"product_brand","embeddable":true,"href":"https:\/\/beyazbutik.com\/ar\/wp-json\/wp\/v2\/product_brand?post=25477"},{"taxonomy":"product_cat","embeddable":true,"href":"https:\/\/beyazbutik.com\/ar\/wp-json\/wp\/v2\/product_cat?post=25477"},{"taxonomy":"product_tag","embeddable":true,"href":"https:\/\/beyazbutik.com\/ar\/wp-json\/wp\/v2\/product_tag?post=25477"}],"curies":[{"name":"wp","href":"https:\/\/api.w.org\/{rel}","templated":true}]}}