{"id":25478,"date":"2024-02-11T23:41:57","date_gmt":"2024-02-11T20:41:57","guid":{"rendered":"https:\/\/beyazbutik.com\/?post_type=product&#038;p=25478"},"modified":"2025-02-22T20:08:20","modified_gmt":"2025-02-22T17:08:20","slug":"polina","status":"publish","type":"product","link":"https:\/\/beyazbutik.com\/ar\/product\/polina\/","title":{"rendered":"Polina"},"content":{"rendered":"","protected":false},"excerpt":{"rendered":"<p>Polina, zarif detaylar\u0131 ve romantik siluetiyle b\u00fcy\u00fcleyici bir g\u00f6r\u00fcn\u00fcm sunuyor!&nbsp;<\/p>\n<p>\u0130nce ask\u0131lar\u0131, zarif dantel i\u015flemeleri ve ak\u0131\u015fkan etek kesimiyle Polina, zarafeti en saf haliyle yans\u0131t\u0131yor. Hafif transparan detaylar\u0131 ve y\u0131rtma\u00e7 kesimi, gelinli\u011fe modern bir dokunu\u015f katarken, hareket \u00f6zg\u00fcrl\u00fc\u011f\u00fc sa\u011fl\u0131yor.<\/p>\n","protected":false},"featured_media":25431,"template":"","meta":[],"product_brand":[],"product_cat":[287,198],"product_tag":[],"class_list":{"0":"post-25478","1":"product","2":"type-product","3":"status-publish","4":"has-post-thumbnail","6":"product_cat-experience-of-romance","7":"product_cat-gelinlik","9":"first","10":"instock","11":"shipping-taxable","12":"product-type-simple"},"_links":{"self":[{"href":"https:\/\/beyazbutik.com\/ar\/wp-json\/wp\/v2\/product\/25478","targetHints":{"allow":["GET"]}}],"collection":[{"href":"https:\/\/beyazbutik.com\/ar\/wp-json\/wp\/v2\/product"}],"about":[{"href":"https:\/\/beyazbutik.com\/ar\/wp-json\/wp\/v2\/types\/product"}],"version-history":[{"count":1,"href":"https:\/\/beyazbutik.com\/ar\/wp-json\/wp\/v2\/product\/25478\/revisions"}],"predecessor-version":[{"id":25987,"href":"https:\/\/beyazbutik.com\/ar\/wp-json\/wp\/v2\/product\/25478\/revisions\/25987"}],"wp:featuredmedia":[{"embeddable":true,"href":"https:\/\/beyazbutik.com\/ar\/wp-json\/wp\/v2\/media\/25431"}],"wp:attachment":[{"href":"https:\/\/beyazbutik.com\/ar\/wp-json\/wp\/v2\/media?parent=25478"}],"wp:term":[{"taxonomy":"product_brand","embeddable":true,"href":"https:\/\/beyazbutik.com\/ar\/wp-json\/wp\/v2\/product_brand?post=25478"},{"taxonomy":"product_cat","embeddable":true,"href":"https:\/\/beyazbutik.com\/ar\/wp-json\/wp\/v2\/product_cat?post=25478"},{"taxonomy":"product_tag","embeddable":true,"href":"https:\/\/beyazbutik.com\/ar\/wp-json\/wp\/v2\/product_tag?post=25478"}],"curies":[{"name":"wp","href":"https:\/\/api.w.org\/{rel}","templated":true}]}}