{"id":25479,"date":"2024-02-11T23:41:57","date_gmt":"2024-02-11T20:41:57","guid":{"rendered":"https:\/\/beyazbutik.com\/?post_type=product&#038;p=25479"},"modified":"2025-02-22T20:08:20","modified_gmt":"2025-02-22T17:08:20","slug":"serena-2","status":"publish","type":"product","link":"https:\/\/beyazbutik.com\/ar\/product\/serena-2\/","title":{"rendered":"Serena"},"content":{"rendered":"","protected":false},"excerpt":{"rendered":"<p>Serena, sade \u015f\u0131kl\u0131\u011f\u0131n ve do\u011fal g\u00fczelli\u011fin m\u00fckemmel yans\u0131mas\u0131!<\/p>\n<p>\u0130nce ask\u0131lar\u0131 ve zarif dantel i\u015flemeleriyle Serena, romantik bir dokunu\u015f sunuyor. Ak\u0131\u015fkan ete\u011fi hafif ve zarif bir siluet yarat\u0131rken, do\u011fal bel hatt\u0131 v\u00fccuda kusursuz bir uyum sa\u011fl\u0131yor. Sade ve etkileyici detaylar\u0131yla zamans\u0131z bir gelinlik arayanlar i\u00e7in ideal!<\/p>\n","protected":false},"featured_media":25435,"template":"","meta":[],"product_brand":[],"product_cat":[287,198],"product_tag":[],"class_list":{"0":"post-25479","1":"product","2":"type-product","3":"status-publish","4":"has-post-thumbnail","6":"product_cat-experience-of-romance","7":"product_cat-gelinlik","9":"first","10":"instock","11":"shipping-taxable","12":"product-type-simple"},"_links":{"self":[{"href":"https:\/\/beyazbutik.com\/ar\/wp-json\/wp\/v2\/product\/25479","targetHints":{"allow":["GET"]}}],"collection":[{"href":"https:\/\/beyazbutik.com\/ar\/wp-json\/wp\/v2\/product"}],"about":[{"href":"https:\/\/beyazbutik.com\/ar\/wp-json\/wp\/v2\/types\/product"}],"version-history":[{"count":1,"href":"https:\/\/beyazbutik.com\/ar\/wp-json\/wp\/v2\/product\/25479\/revisions"}],"predecessor-version":[{"id":25988,"href":"https:\/\/beyazbutik.com\/ar\/wp-json\/wp\/v2\/product\/25479\/revisions\/25988"}],"wp:featuredmedia":[{"embeddable":true,"href":"https:\/\/beyazbutik.com\/ar\/wp-json\/wp\/v2\/media\/25435"}],"wp:attachment":[{"href":"https:\/\/beyazbutik.com\/ar\/wp-json\/wp\/v2\/media?parent=25479"}],"wp:term":[{"taxonomy":"product_brand","embeddable":true,"href":"https:\/\/beyazbutik.com\/ar\/wp-json\/wp\/v2\/product_brand?post=25479"},{"taxonomy":"product_cat","embeddable":true,"href":"https:\/\/beyazbutik.com\/ar\/wp-json\/wp\/v2\/product_cat?post=25479"},{"taxonomy":"product_tag","embeddable":true,"href":"https:\/\/beyazbutik.com\/ar\/wp-json\/wp\/v2\/product_tag?post=25479"}],"curies":[{"name":"wp","href":"https:\/\/api.w.org\/{rel}","templated":true}]}}