{"id":25480,"date":"2024-02-11T23:41:58","date_gmt":"2024-02-11T20:41:58","guid":{"rendered":"https:\/\/beyazbutik.com\/?post_type=product&#038;p=25480"},"modified":"2025-02-22T20:08:20","modified_gmt":"2025-02-22T17:08:20","slug":"simone","status":"publish","type":"product","link":"https:\/\/beyazbutik.com\/ar\/product\/simone\/","title":{"rendered":"Simone"},"content":{"rendered":"","protected":false},"excerpt":{"rendered":"<p>Simone, zarif \u0131\u015f\u0131lt\u0131s\u0131 ve kusursuz siluetiyle g\u00f6z kama\u015ft\u0131r\u0131yor!<\/p>\n<p>Derin V yakas\u0131, incelikle i\u015flenmi\u015f kristal detaylar\u0131 ve ak\u0131\u015fkan ete\u011fiyle Simone, sofistike bir \u015f\u0131kl\u0131k sunuyor. Hafif kuma\u015f\u0131 hareket \u00f6zg\u00fcrl\u00fc\u011f\u00fc sa\u011flarken, uzun duvak detay\u0131 gelinli\u011fe romantik bir dokunu\u015f kat\u0131yor. Minimal ama etkileyici bir g\u00f6r\u00fcn\u00fcm arayanlar i\u00e7in m\u00fckemmel bir se\u00e7im!<\/p>\n","protected":false},"featured_media":25439,"template":"","meta":[],"product_brand":[],"product_cat":[287,198],"product_tag":[],"class_list":{"0":"post-25480","1":"product","2":"type-product","3":"status-publish","4":"has-post-thumbnail","6":"product_cat-experience-of-romance","7":"product_cat-gelinlik","9":"first","10":"instock","11":"shipping-taxable","12":"product-type-simple"},"_links":{"self":[{"href":"https:\/\/beyazbutik.com\/ar\/wp-json\/wp\/v2\/product\/25480","targetHints":{"allow":["GET"]}}],"collection":[{"href":"https:\/\/beyazbutik.com\/ar\/wp-json\/wp\/v2\/product"}],"about":[{"href":"https:\/\/beyazbutik.com\/ar\/wp-json\/wp\/v2\/types\/product"}],"version-history":[{"count":1,"href":"https:\/\/beyazbutik.com\/ar\/wp-json\/wp\/v2\/product\/25480\/revisions"}],"predecessor-version":[{"id":25989,"href":"https:\/\/beyazbutik.com\/ar\/wp-json\/wp\/v2\/product\/25480\/revisions\/25989"}],"wp:featuredmedia":[{"embeddable":true,"href":"https:\/\/beyazbutik.com\/ar\/wp-json\/wp\/v2\/media\/25439"}],"wp:attachment":[{"href":"https:\/\/beyazbutik.com\/ar\/wp-json\/wp\/v2\/media?parent=25480"}],"wp:term":[{"taxonomy":"product_brand","embeddable":true,"href":"https:\/\/beyazbutik.com\/ar\/wp-json\/wp\/v2\/product_brand?post=25480"},{"taxonomy":"product_cat","embeddable":true,"href":"https:\/\/beyazbutik.com\/ar\/wp-json\/wp\/v2\/product_cat?post=25480"},{"taxonomy":"product_tag","embeddable":true,"href":"https:\/\/beyazbutik.com\/ar\/wp-json\/wp\/v2\/product_tag?post=25480"}],"curies":[{"name":"wp","href":"https:\/\/api.w.org\/{rel}","templated":true}]}}