{"id":25482,"date":"2024-02-11T23:41:58","date_gmt":"2024-02-11T20:41:58","guid":{"rendered":"https:\/\/beyazbutik.com\/?post_type=product&#038;p=25482"},"modified":"2025-02-22T20:08:29","modified_gmt":"2025-02-22T17:08:29","slug":"tracy","status":"publish","type":"product","link":"https:\/\/beyazbutik.com\/ar\/product\/tracy\/","title":{"rendered":"Tracy"},"content":{"rendered":"","protected":false},"excerpt":{"rendered":"<p>Tracy, \u0131\u015f\u0131lt\u0131l\u0131 detaylar\u0131 ve enerjik siluetiyle modern gelinler i\u00e7in tasarland\u0131!&nbsp;<\/p>\n<p>Straplez korsaj\u0131, ince i\u015flenmi\u015f boncuk detaylar\u0131 ve hacimli ete\u011fiyle Tracy, cesur ve e\u011flenceli bir stil sunuyor. Parti sonras\u0131 veya nikah t\u00f6renleri i\u00e7in m\u00fckemmel bir se\u00e7im olan bu tasar\u0131m, g\u00f6z kama\u015ft\u0131ran zarafetiyle \u00f6ne \u00e7\u0131k\u0131yor.<\/p>\n","protected":false},"featured_media":25449,"template":"","meta":[],"product_brand":[],"product_cat":[287,198],"product_tag":[],"class_list":{"0":"post-25482","1":"product","2":"type-product","3":"status-publish","4":"has-post-thumbnail","6":"product_cat-experience-of-romance","7":"product_cat-gelinlik","9":"first","10":"instock","11":"shipping-taxable","12":"product-type-simple"},"_links":{"self":[{"href":"https:\/\/beyazbutik.com\/ar\/wp-json\/wp\/v2\/product\/25482","targetHints":{"allow":["GET"]}}],"collection":[{"href":"https:\/\/beyazbutik.com\/ar\/wp-json\/wp\/v2\/product"}],"about":[{"href":"https:\/\/beyazbutik.com\/ar\/wp-json\/wp\/v2\/types\/product"}],"version-history":[{"count":1,"href":"https:\/\/beyazbutik.com\/ar\/wp-json\/wp\/v2\/product\/25482\/revisions"}],"predecessor-version":[{"id":25991,"href":"https:\/\/beyazbutik.com\/ar\/wp-json\/wp\/v2\/product\/25482\/revisions\/25991"}],"wp:featuredmedia":[{"embeddable":true,"href":"https:\/\/beyazbutik.com\/ar\/wp-json\/wp\/v2\/media\/25449"}],"wp:attachment":[{"href":"https:\/\/beyazbutik.com\/ar\/wp-json\/wp\/v2\/media?parent=25482"}],"wp:term":[{"taxonomy":"product_brand","embeddable":true,"href":"https:\/\/beyazbutik.com\/ar\/wp-json\/wp\/v2\/product_brand?post=25482"},{"taxonomy":"product_cat","embeddable":true,"href":"https:\/\/beyazbutik.com\/ar\/wp-json\/wp\/v2\/product_cat?post=25482"},{"taxonomy":"product_tag","embeddable":true,"href":"https:\/\/beyazbutik.com\/ar\/wp-json\/wp\/v2\/product_tag?post=25482"}],"curies":[{"name":"wp","href":"https:\/\/api.w.org\/{rel}","templated":true}]}}