{"id":25559,"date":"2024-02-12T17:15:06","date_gmt":"2024-02-12T14:15:06","guid":{"rendered":"https:\/\/beyazbutik.com\/?post_type=product&#038;p=25559"},"modified":"2025-03-17T17:25:05","modified_gmt":"2025-03-17T14:25:05","slug":"ashley","status":"publish","type":"product","link":"https:\/\/beyazbutik.com\/ar\/product\/ashley\/","title":{"rendered":"Ashley"},"content":{"rendered":"","protected":false},"excerpt":{"rendered":"<p>Pudra mavi tonlar\u0131nda, bedeni saran kesimiyle zarafet ve modernli\u011fin birle\u015fti\u011fi abiye. El i\u015f\u00e7ili\u011fiyle i\u015flenmi\u015f \u00e7i\u00e7ek detaylar\u0131 sofistike bir dokunu\u015f kat\u0131yor.<\/p>\n<p>&nbsp;<\/p>\n","protected":false},"featured_media":25249,"template":"","meta":[],"product_brand":[],"product_cat":[200,287,288],"product_tag":[],"class_list":{"0":"post-25559","1":"product","2":"type-product","3":"status-publish","4":"has-post-thumbnail","6":"product_cat-abiye","7":"product_cat-experience-of-romance","8":"product_cat-ss-2024-abiye","10":"first","11":"instock","12":"shipping-taxable","13":"product-type-simple"},"_links":{"self":[{"href":"https:\/\/beyazbutik.com\/ar\/wp-json\/wp\/v2\/product\/25559","targetHints":{"allow":["GET"]}}],"collection":[{"href":"https:\/\/beyazbutik.com\/ar\/wp-json\/wp\/v2\/product"}],"about":[{"href":"https:\/\/beyazbutik.com\/ar\/wp-json\/wp\/v2\/types\/product"}],"version-history":[{"count":3,"href":"https:\/\/beyazbutik.com\/ar\/wp-json\/wp\/v2\/product\/25559\/revisions"}],"predecessor-version":[{"id":26843,"href":"https:\/\/beyazbutik.com\/ar\/wp-json\/wp\/v2\/product\/25559\/revisions\/26843"}],"wp:featuredmedia":[{"embeddable":true,"href":"https:\/\/beyazbutik.com\/ar\/wp-json\/wp\/v2\/media\/25249"}],"wp:attachment":[{"href":"https:\/\/beyazbutik.com\/ar\/wp-json\/wp\/v2\/media?parent=25559"}],"wp:term":[{"taxonomy":"product_brand","embeddable":true,"href":"https:\/\/beyazbutik.com\/ar\/wp-json\/wp\/v2\/product_brand?post=25559"},{"taxonomy":"product_cat","embeddable":true,"href":"https:\/\/beyazbutik.com\/ar\/wp-json\/wp\/v2\/product_cat?post=25559"},{"taxonomy":"product_tag","embeddable":true,"href":"https:\/\/beyazbutik.com\/ar\/wp-json\/wp\/v2\/product_tag?post=25559"}],"curies":[{"name":"wp","href":"https:\/\/api.w.org\/{rel}","templated":true}]}}