{"id":25562,"date":"2024-02-12T17:20:00","date_gmt":"2024-02-12T14:20:00","guid":{"rendered":"https:\/\/beyazbutik.com\/?post_type=product&#038;p=25562"},"modified":"2025-03-17T17:28:06","modified_gmt":"2025-03-17T14:28:06","slug":"kelly","status":"publish","type":"product","link":"https:\/\/beyazbutik.com\/ar\/product\/kelly\/","title":{"rendered":"Kelly"},"content":{"rendered":"","protected":false},"excerpt":{"rendered":"<p>Lila saten kuma\u015f\u0131 ve d\u00f6k\u00fcml\u00fc s\u0131rt detay\u0131yla sofistike bir ak\u0131\u015fa sahip. El i\u015f\u00e7ili\u011fiyle i\u015flenmi\u015f ta\u015f detaylar\u0131 \u0131\u015f\u0131\u011f\u0131 yakal\u0131yor.<\/p>\n<p>&nbsp;<\/p>\n","protected":false},"featured_media":25349,"template":"","meta":[],"product_brand":[],"product_cat":[200,287,288],"product_tag":[],"class_list":{"0":"post-25562","1":"product","2":"type-product","3":"status-publish","4":"has-post-thumbnail","6":"product_cat-abiye","7":"product_cat-experience-of-romance","8":"product_cat-ss-2024-abiye","10":"first","11":"instock","12":"shipping-taxable","13":"product-type-simple"},"_links":{"self":[{"href":"https:\/\/beyazbutik.com\/ar\/wp-json\/wp\/v2\/product\/25562","targetHints":{"allow":["GET"]}}],"collection":[{"href":"https:\/\/beyazbutik.com\/ar\/wp-json\/wp\/v2\/product"}],"about":[{"href":"https:\/\/beyazbutik.com\/ar\/wp-json\/wp\/v2\/types\/product"}],"version-history":[{"count":3,"href":"https:\/\/beyazbutik.com\/ar\/wp-json\/wp\/v2\/product\/25562\/revisions"}],"predecessor-version":[{"id":26847,"href":"https:\/\/beyazbutik.com\/ar\/wp-json\/wp\/v2\/product\/25562\/revisions\/26847"}],"wp:featuredmedia":[{"embeddable":true,"href":"https:\/\/beyazbutik.com\/ar\/wp-json\/wp\/v2\/media\/25349"}],"wp:attachment":[{"href":"https:\/\/beyazbutik.com\/ar\/wp-json\/wp\/v2\/media?parent=25562"}],"wp:term":[{"taxonomy":"product_brand","embeddable":true,"href":"https:\/\/beyazbutik.com\/ar\/wp-json\/wp\/v2\/product_brand?post=25562"},{"taxonomy":"product_cat","embeddable":true,"href":"https:\/\/beyazbutik.com\/ar\/wp-json\/wp\/v2\/product_cat?post=25562"},{"taxonomy":"product_tag","embeddable":true,"href":"https:\/\/beyazbutik.com\/ar\/wp-json\/wp\/v2\/product_tag?post=25562"}],"curies":[{"name":"wp","href":"https:\/\/api.w.org\/{rel}","templated":true}]}}