{"id":25563,"date":"2024-02-12T17:20:00","date_gmt":"2024-02-12T14:20:00","guid":{"rendered":"https:\/\/beyazbutik.com\/?post_type=product&#038;p=25563"},"modified":"2025-03-17T17:29:55","modified_gmt":"2025-03-17T14:29:55","slug":"nicola","status":"publish","type":"product","link":"https:\/\/beyazbutik.com\/ar\/product\/nicola\/","title":{"rendered":"Nicola"},"content":{"rendered":"","protected":false},"excerpt":{"rendered":"<p>I\u015f\u0131lt\u0131l\u0131 mavi kuma\u015f\u0131 ve modern straplez kesimiyle cesur ve etkileyici bir siluet sunuyor.<\/p>\n","protected":false},"featured_media":25415,"template":"","meta":[],"product_brand":[],"product_cat":[200,287,288],"product_tag":[],"class_list":{"0":"post-25563","1":"product","2":"type-product","3":"status-publish","4":"has-post-thumbnail","6":"product_cat-abiye","7":"product_cat-experience-of-romance","8":"product_cat-ss-2024-abiye","10":"first","11":"instock","12":"shipping-taxable","13":"product-type-simple"},"_links":{"self":[{"href":"https:\/\/beyazbutik.com\/ar\/wp-json\/wp\/v2\/product\/25563","targetHints":{"allow":["GET"]}}],"collection":[{"href":"https:\/\/beyazbutik.com\/ar\/wp-json\/wp\/v2\/product"}],"about":[{"href":"https:\/\/beyazbutik.com\/ar\/wp-json\/wp\/v2\/types\/product"}],"version-history":[{"count":3,"href":"https:\/\/beyazbutik.com\/ar\/wp-json\/wp\/v2\/product\/25563\/revisions"}],"predecessor-version":[{"id":26849,"href":"https:\/\/beyazbutik.com\/ar\/wp-json\/wp\/v2\/product\/25563\/revisions\/26849"}],"wp:featuredmedia":[{"embeddable":true,"href":"https:\/\/beyazbutik.com\/ar\/wp-json\/wp\/v2\/media\/25415"}],"wp:attachment":[{"href":"https:\/\/beyazbutik.com\/ar\/wp-json\/wp\/v2\/media?parent=25563"}],"wp:term":[{"taxonomy":"product_brand","embeddable":true,"href":"https:\/\/beyazbutik.com\/ar\/wp-json\/wp\/v2\/product_brand?post=25563"},{"taxonomy":"product_cat","embeddable":true,"href":"https:\/\/beyazbutik.com\/ar\/wp-json\/wp\/v2\/product_cat?post=25563"},{"taxonomy":"product_tag","embeddable":true,"href":"https:\/\/beyazbutik.com\/ar\/wp-json\/wp\/v2\/product_tag?post=25563"}],"curies":[{"name":"wp","href":"https:\/\/api.w.org\/{rel}","templated":true}]}}