{"id":25742,"date":"2025-02-22T13:46:48","date_gmt":"2025-02-22T10:46:48","guid":{"rendered":"https:\/\/beyazbutik.com\/?post_type=product&#038;p=25742"},"modified":"2025-02-28T23:55:08","modified_gmt":"2025-02-28T20:55:08","slug":"tulug","status":"publish","type":"product","link":"https:\/\/beyazbutik.com\/ar\/product\/tulug\/","title":{"rendered":"Tulu\u011f"},"content":{"rendered":"","protected":false},"excerpt":{"rendered":"<p class=\"p1\">\u0130pek \u015fantuk kuma\u015f \u00fczerine Mara\u015f i\u015fi tekni\u011finde alt\u0131n sarma ile i\u015flenmi\u015ftir. Osmanl\u0131 saray nak\u0131\u015f sanat\u0131ndan ilham alan bu par\u00e7a, a\u011f\u0131r i\u015f\u00e7ili\u011fi ve g\u00f6steri\u015fli kesimiyle g\u00fc\u00e7l\u00fc bir siluet sunuyor. Omuzlardan a\u015fa\u011f\u0131 s\u00fcz\u00fclen zarif hatlar ve etekteki geni\u015f hacim, bu tasar\u0131m\u0131 hem asaletin hem de ihti\u015fam\u0131n bir simgesi haline getiriyor.<\/p>\n","protected":false},"featured_media":25743,"template":"","meta":[],"product_brand":[],"product_cat":[293],"product_tag":[],"class_list":{"0":"post-25742","1":"product","2":"type-product","3":"status-publish","4":"has-post-thumbnail","6":"product_cat-yadigar","8":"first","9":"instock","10":"shipping-taxable","11":"product-type-simple"},"_links":{"self":[{"href":"https:\/\/beyazbutik.com\/ar\/wp-json\/wp\/v2\/product\/25742","targetHints":{"allow":["GET"]}}],"collection":[{"href":"https:\/\/beyazbutik.com\/ar\/wp-json\/wp\/v2\/product"}],"about":[{"href":"https:\/\/beyazbutik.com\/ar\/wp-json\/wp\/v2\/types\/product"}],"version-history":[{"count":2,"href":"https:\/\/beyazbutik.com\/ar\/wp-json\/wp\/v2\/product\/25742\/revisions"}],"predecessor-version":[{"id":26434,"href":"https:\/\/beyazbutik.com\/ar\/wp-json\/wp\/v2\/product\/25742\/revisions\/26434"}],"wp:featuredmedia":[{"embeddable":true,"href":"https:\/\/beyazbutik.com\/ar\/wp-json\/wp\/v2\/media\/25743"}],"wp:attachment":[{"href":"https:\/\/beyazbutik.com\/ar\/wp-json\/wp\/v2\/media?parent=25742"}],"wp:term":[{"taxonomy":"product_brand","embeddable":true,"href":"https:\/\/beyazbutik.com\/ar\/wp-json\/wp\/v2\/product_brand?post=25742"},{"taxonomy":"product_cat","embeddable":true,"href":"https:\/\/beyazbutik.com\/ar\/wp-json\/wp\/v2\/product_cat?post=25742"},{"taxonomy":"product_tag","embeddable":true,"href":"https:\/\/beyazbutik.com\/ar\/wp-json\/wp\/v2\/product_tag?post=25742"}],"curies":[{"name":"wp","href":"https:\/\/api.w.org\/{rel}","templated":true}]}}