{"id":25773,"date":"2025-02-22T18:15:30","date_gmt":"2025-02-22T15:15:30","guid":{"rendered":"https:\/\/beyazbutik.com\/?post_type=product&#038;p=25773"},"modified":"2025-02-28T23:55:08","modified_gmt":"2025-02-28T20:55:08","slug":"iz","status":"publish","type":"product","link":"https:\/\/beyazbutik.com\/ar\/product\/iz\/","title":{"rendered":"\u0130z"},"content":{"rendered":"","protected":false},"excerpt":{"rendered":"<p class=\"p1\">\u0130pek ziberlin kuma\u015f \u00fczerine geleneksel T\u00fcrk motiflerinden damga desenleri i\u015flenmi\u015ftir. Anadolu tarihinden izler ta\u015f\u0131yan bu \u00f6zel desenler, gelene\u011fi modern bir kesimle bulu\u015fturuyor. Ak\u0131c\u0131 formu ve alt\u0131n detaylar\u0131yla ge\u00e7mi\u015fin izlerini \u00fczerinde ta\u015f\u0131yan, etkileyici ve zamans\u0131z bir tasar\u0131md\u0131r.<\/p>\n","protected":false},"featured_media":25774,"template":"","meta":[],"product_brand":[],"product_cat":[293],"product_tag":[],"class_list":{"0":"post-25773","1":"product","2":"type-product","3":"status-publish","4":"has-post-thumbnail","6":"product_cat-yadigar","8":"first","9":"instock","10":"shipping-taxable","11":"product-type-simple"},"_links":{"self":[{"href":"https:\/\/beyazbutik.com\/ar\/wp-json\/wp\/v2\/product\/25773","targetHints":{"allow":["GET"]}}],"collection":[{"href":"https:\/\/beyazbutik.com\/ar\/wp-json\/wp\/v2\/product"}],"about":[{"href":"https:\/\/beyazbutik.com\/ar\/wp-json\/wp\/v2\/types\/product"}],"version-history":[{"count":2,"href":"https:\/\/beyazbutik.com\/ar\/wp-json\/wp\/v2\/product\/25773\/revisions"}],"predecessor-version":[{"id":26435,"href":"https:\/\/beyazbutik.com\/ar\/wp-json\/wp\/v2\/product\/25773\/revisions\/26435"}],"wp:featuredmedia":[{"embeddable":true,"href":"https:\/\/beyazbutik.com\/ar\/wp-json\/wp\/v2\/media\/25774"}],"wp:attachment":[{"href":"https:\/\/beyazbutik.com\/ar\/wp-json\/wp\/v2\/media?parent=25773"}],"wp:term":[{"taxonomy":"product_brand","embeddable":true,"href":"https:\/\/beyazbutik.com\/ar\/wp-json\/wp\/v2\/product_brand?post=25773"},{"taxonomy":"product_cat","embeddable":true,"href":"https:\/\/beyazbutik.com\/ar\/wp-json\/wp\/v2\/product_cat?post=25773"},{"taxonomy":"product_tag","embeddable":true,"href":"https:\/\/beyazbutik.com\/ar\/wp-json\/wp\/v2\/product_tag?post=25773"}],"curies":[{"name":"wp","href":"https:\/\/api.w.org\/{rel}","templated":true}]}}