{"id":25786,"date":"2025-02-22T18:19:03","date_gmt":"2025-02-22T15:19:03","guid":{"rendered":"https:\/\/beyazbutik.com\/?post_type=product&#038;p=25786"},"modified":"2025-02-28T23:55:08","modified_gmt":"2025-02-28T20:55:08","slug":"bag","status":"publish","type":"product","link":"https:\/\/beyazbutik.com\/ar\/product\/bag\/","title":{"rendered":"Ba\u011f"},"content":{"rendered":"","protected":false},"excerpt":{"rendered":"<p class=\"p1\">\u015eifon kuma\u015f \u00fczerine, korse k\u0131sm\u0131nda alt\u0131n rengi sim ve civanka\u015f\u0131 motifi i\u015flenerek tasarlanm\u0131\u015ft\u0131r. Yumu\u015fak ve ak\u0131\u015fkan yap\u0131s\u0131yla zarafetin tan\u0131m\u0131n\u0131 yeniden yaparken, otantik detaylar\u0131yla k\u00f6klerimize ba\u011fl\u0131 kal\u0131yor. Hareketli formu ve hafif yap\u0131s\u0131, adeta bir masal anlat\u0131yor.<\/p>\n","protected":false},"featured_media":25789,"template":"","meta":[],"product_brand":[],"product_cat":[293],"product_tag":[],"class_list":{"0":"post-25786","1":"product","2":"type-product","3":"status-publish","4":"has-post-thumbnail","6":"product_cat-yadigar","8":"first","9":"instock","10":"shipping-taxable","11":"product-type-simple"},"_links":{"self":[{"href":"https:\/\/beyazbutik.com\/ar\/wp-json\/wp\/v2\/product\/25786","targetHints":{"allow":["GET"]}}],"collection":[{"href":"https:\/\/beyazbutik.com\/ar\/wp-json\/wp\/v2\/product"}],"about":[{"href":"https:\/\/beyazbutik.com\/ar\/wp-json\/wp\/v2\/types\/product"}],"version-history":[{"count":2,"href":"https:\/\/beyazbutik.com\/ar\/wp-json\/wp\/v2\/product\/25786\/revisions"}],"predecessor-version":[{"id":26436,"href":"https:\/\/beyazbutik.com\/ar\/wp-json\/wp\/v2\/product\/25786\/revisions\/26436"}],"wp:featuredmedia":[{"embeddable":true,"href":"https:\/\/beyazbutik.com\/ar\/wp-json\/wp\/v2\/media\/25789"}],"wp:attachment":[{"href":"https:\/\/beyazbutik.com\/ar\/wp-json\/wp\/v2\/media?parent=25786"}],"wp:term":[{"taxonomy":"product_brand","embeddable":true,"href":"https:\/\/beyazbutik.com\/ar\/wp-json\/wp\/v2\/product_brand?post=25786"},{"taxonomy":"product_cat","embeddable":true,"href":"https:\/\/beyazbutik.com\/ar\/wp-json\/wp\/v2\/product_cat?post=25786"},{"taxonomy":"product_tag","embeddable":true,"href":"https:\/\/beyazbutik.com\/ar\/wp-json\/wp\/v2\/product_tag?post=25786"}],"curies":[{"name":"wp","href":"https:\/\/api.w.org\/{rel}","templated":true}]}}