{"id":25798,"date":"2025-02-22T18:23:07","date_gmt":"2025-02-22T15:23:07","guid":{"rendered":"https:\/\/beyazbutik.com\/?post_type=product&#038;p=25798"},"modified":"2025-02-28T23:55:08","modified_gmt":"2025-02-28T20:55:08","slug":"ahenk","status":"publish","type":"product","link":"https:\/\/beyazbutik.com\/ar\/product\/ahenk\/","title":{"rendered":"Ahenk"},"content":{"rendered":"","protected":false},"excerpt":{"rendered":"<p class=\"p1\">\u015eifon kuma\u015f \u00fczerine i\u015flenen gelinli\u011fin yaka ve omuz detaylar\u0131, boh\u00e7a deseninden esinlenerek el nak\u0131\u015f\u0131 ile s\u00fcslenmi\u015f, geleneksel ah\u015fap bask\u0131 tekni\u011fiyle tamamlanm\u0131\u015ft\u0131r. Ahengin ve dengenin yans\u0131mas\u0131 olan bu tasar\u0131m, ge\u00e7mi\u015ften g\u00fcn\u00fcm\u00fcze ta\u015f\u0131nan el i\u015f\u00e7ili\u011finin zarafetini sunuyor.<\/p>\n","protected":false},"featured_media":25799,"template":"","meta":[],"product_brand":[],"product_cat":[293],"product_tag":[],"class_list":{"0":"post-25798","1":"product","2":"type-product","3":"status-publish","4":"has-post-thumbnail","6":"product_cat-yadigar","8":"first","9":"instock","10":"shipping-taxable","11":"product-type-simple"},"_links":{"self":[{"href":"https:\/\/beyazbutik.com\/ar\/wp-json\/wp\/v2\/product\/25798","targetHints":{"allow":["GET"]}}],"collection":[{"href":"https:\/\/beyazbutik.com\/ar\/wp-json\/wp\/v2\/product"}],"about":[{"href":"https:\/\/beyazbutik.com\/ar\/wp-json\/wp\/v2\/types\/product"}],"version-history":[{"count":2,"href":"https:\/\/beyazbutik.com\/ar\/wp-json\/wp\/v2\/product\/25798\/revisions"}],"predecessor-version":[{"id":26437,"href":"https:\/\/beyazbutik.com\/ar\/wp-json\/wp\/v2\/product\/25798\/revisions\/26437"}],"wp:featuredmedia":[{"embeddable":true,"href":"https:\/\/beyazbutik.com\/ar\/wp-json\/wp\/v2\/media\/25799"}],"wp:attachment":[{"href":"https:\/\/beyazbutik.com\/ar\/wp-json\/wp\/v2\/media?parent=25798"}],"wp:term":[{"taxonomy":"product_brand","embeddable":true,"href":"https:\/\/beyazbutik.com\/ar\/wp-json\/wp\/v2\/product_brand?post=25798"},{"taxonomy":"product_cat","embeddable":true,"href":"https:\/\/beyazbutik.com\/ar\/wp-json\/wp\/v2\/product_cat?post=25798"},{"taxonomy":"product_tag","embeddable":true,"href":"https:\/\/beyazbutik.com\/ar\/wp-json\/wp\/v2\/product_tag?post=25798"}],"curies":[{"name":"wp","href":"https:\/\/api.w.org\/{rel}","templated":true}]}}