{"id":25806,"date":"2025-02-22T18:25:04","date_gmt":"2025-02-22T15:25:04","guid":{"rendered":"https:\/\/beyazbutik.com\/?post_type=product&#038;p=25806"},"modified":"2025-02-28T23:55:16","modified_gmt":"2025-02-28T20:55:16","slug":"ulya","status":"publish","type":"product","link":"https:\/\/beyazbutik.com\/ar\/product\/ulya\/","title":{"rendered":"Ulya"},"content":{"rendered":"","protected":false},"excerpt":{"rendered":"<p class=\"p1\">El yap\u0131m\u0131 s\u0131rma d\u00fc\u011fmeler ve dival i\u015fi aplikeler ile tamamlanan bu tasar\u0131m, yere kadar s\u00fcz\u00fclen bir pelerinle tamamlanm\u0131\u015ft\u0131r. G\u00fcc\u00fcn ve asaletin simgesi olan Ulya, zamans\u0131z duru\u015fu ile b\u00fcy\u00fcleyici bir siluet sunuyor.<\/p>\n","protected":false},"featured_media":25809,"template":"","meta":[],"product_brand":[],"product_cat":[293],"product_tag":[],"class_list":{"0":"post-25806","1":"product","2":"type-product","3":"status-publish","4":"has-post-thumbnail","6":"product_cat-yadigar","8":"first","9":"instock","10":"shipping-taxable","11":"product-type-simple"},"_links":{"self":[{"href":"https:\/\/beyazbutik.com\/ar\/wp-json\/wp\/v2\/product\/25806","targetHints":{"allow":["GET"]}}],"collection":[{"href":"https:\/\/beyazbutik.com\/ar\/wp-json\/wp\/v2\/product"}],"about":[{"href":"https:\/\/beyazbutik.com\/ar\/wp-json\/wp\/v2\/types\/product"}],"version-history":[{"count":2,"href":"https:\/\/beyazbutik.com\/ar\/wp-json\/wp\/v2\/product\/25806\/revisions"}],"predecessor-version":[{"id":26438,"href":"https:\/\/beyazbutik.com\/ar\/wp-json\/wp\/v2\/product\/25806\/revisions\/26438"}],"wp:featuredmedia":[{"embeddable":true,"href":"https:\/\/beyazbutik.com\/ar\/wp-json\/wp\/v2\/media\/25809"}],"wp:attachment":[{"href":"https:\/\/beyazbutik.com\/ar\/wp-json\/wp\/v2\/media?parent=25806"}],"wp:term":[{"taxonomy":"product_brand","embeddable":true,"href":"https:\/\/beyazbutik.com\/ar\/wp-json\/wp\/v2\/product_brand?post=25806"},{"taxonomy":"product_cat","embeddable":true,"href":"https:\/\/beyazbutik.com\/ar\/wp-json\/wp\/v2\/product_cat?post=25806"},{"taxonomy":"product_tag","embeddable":true,"href":"https:\/\/beyazbutik.com\/ar\/wp-json\/wp\/v2\/product_tag?post=25806"}],"curies":[{"name":"wp","href":"https:\/\/api.w.org\/{rel}","templated":true}]}}