{"id":25816,"date":"2025-02-22T18:27:29","date_gmt":"2025-02-22T15:27:29","guid":{"rendered":"https:\/\/beyazbutik.com\/?post_type=product&#038;p=25816"},"modified":"2025-03-13T23:20:20","modified_gmt":"2025-03-13T20:20:20","slug":"ulgen","status":"publish","type":"product","link":"https:\/\/beyazbutik.com\/ar\/product\/ulgen\/","title":{"rendered":"\u00dclgen"},"content":{"rendered":"","protected":false},"excerpt":{"rendered":"<p class=\"p1\">T\u00fcl etekli gelinlik, \u00d6demi\u015f ipe\u011fi \u00fczerine alt\u0131n s\u0131rmalarla i\u015flenmi\u015f p\u0131trak deseni ile bezenmi\u015ftir. Zarif i\u015flemeleri ve ak\u0131\u015fkan dokusuyla bu tasar\u0131m, saf bir romantizm ve zarafet sunuyor.<\/p>\n","protected":false},"featured_media":25817,"template":"","meta":[],"product_brand":[],"product_cat":[293],"product_tag":[],"class_list":{"0":"post-25816","1":"product","2":"type-product","3":"status-publish","4":"has-post-thumbnail","6":"product_cat-yadigar","8":"first","9":"instock","10":"shipping-taxable","11":"product-type-simple"},"_links":{"self":[{"href":"https:\/\/beyazbutik.com\/ar\/wp-json\/wp\/v2\/product\/25816","targetHints":{"allow":["GET"]}}],"collection":[{"href":"https:\/\/beyazbutik.com\/ar\/wp-json\/wp\/v2\/product"}],"about":[{"href":"https:\/\/beyazbutik.com\/ar\/wp-json\/wp\/v2\/types\/product"}],"version-history":[{"count":3,"href":"https:\/\/beyazbutik.com\/ar\/wp-json\/wp\/v2\/product\/25816\/revisions"}],"predecessor-version":[{"id":26439,"href":"https:\/\/beyazbutik.com\/ar\/wp-json\/wp\/v2\/product\/25816\/revisions\/26439"}],"wp:featuredmedia":[{"embeddable":true,"href":"https:\/\/beyazbutik.com\/ar\/wp-json\/wp\/v2\/media\/25817"}],"wp:attachment":[{"href":"https:\/\/beyazbutik.com\/ar\/wp-json\/wp\/v2\/media?parent=25816"}],"wp:term":[{"taxonomy":"product_brand","embeddable":true,"href":"https:\/\/beyazbutik.com\/ar\/wp-json\/wp\/v2\/product_brand?post=25816"},{"taxonomy":"product_cat","embeddable":true,"href":"https:\/\/beyazbutik.com\/ar\/wp-json\/wp\/v2\/product_cat?post=25816"},{"taxonomy":"product_tag","embeddable":true,"href":"https:\/\/beyazbutik.com\/ar\/wp-json\/wp\/v2\/product_tag?post=25816"}],"curies":[{"name":"wp","href":"https:\/\/api.w.org\/{rel}","templated":true}]}}