{"id":25821,"date":"2025-02-22T18:28:48","date_gmt":"2025-02-22T15:28:48","guid":{"rendered":"https:\/\/beyazbutik.com\/?post_type=product&#038;p=25821"},"modified":"2025-02-28T23:55:16","modified_gmt":"2025-02-28T20:55:16","slug":"hare","status":"publish","type":"product","link":"https:\/\/beyazbutik.com\/ar\/product\/hare\/","title":{"rendered":"Hare"},"content":{"rendered":"","protected":false},"excerpt":{"rendered":"<p class=\"p1\">Kadife ve \u00d6demi\u015f ipe\u011fi kullan\u0131larak dival i\u015fi tekni\u011fiyle alt\u0131n i\u015fleme yap\u0131lm\u0131\u015f b\u00fcstiyer, modernize edilmi\u015f pelerin ve pantolonla tamamlanm\u0131\u015ft\u0131r. Otantik unsurlar\u0131n g\u00fc\u00e7l\u00fc ve \u00f6zg\u00fcn bir yorumunu sunarak, g\u00fc\u00e7l\u00fc bir duru\u015f sergiler.<\/p>\n","protected":false},"featured_media":25822,"template":"","meta":[],"product_brand":[],"product_cat":[293],"product_tag":[],"class_list":{"0":"post-25821","1":"product","2":"type-product","3":"status-publish","4":"has-post-thumbnail","6":"product_cat-yadigar","8":"first","9":"instock","10":"shipping-taxable","11":"product-type-simple"},"_links":{"self":[{"href":"https:\/\/beyazbutik.com\/ar\/wp-json\/wp\/v2\/product\/25821","targetHints":{"allow":["GET"]}}],"collection":[{"href":"https:\/\/beyazbutik.com\/ar\/wp-json\/wp\/v2\/product"}],"about":[{"href":"https:\/\/beyazbutik.com\/ar\/wp-json\/wp\/v2\/types\/product"}],"version-history":[{"count":2,"href":"https:\/\/beyazbutik.com\/ar\/wp-json\/wp\/v2\/product\/25821\/revisions"}],"predecessor-version":[{"id":26440,"href":"https:\/\/beyazbutik.com\/ar\/wp-json\/wp\/v2\/product\/25821\/revisions\/26440"}],"wp:featuredmedia":[{"embeddable":true,"href":"https:\/\/beyazbutik.com\/ar\/wp-json\/wp\/v2\/media\/25822"}],"wp:attachment":[{"href":"https:\/\/beyazbutik.com\/ar\/wp-json\/wp\/v2\/media?parent=25821"}],"wp:term":[{"taxonomy":"product_brand","embeddable":true,"href":"https:\/\/beyazbutik.com\/ar\/wp-json\/wp\/v2\/product_brand?post=25821"},{"taxonomy":"product_cat","embeddable":true,"href":"https:\/\/beyazbutik.com\/ar\/wp-json\/wp\/v2\/product_cat?post=25821"},{"taxonomy":"product_tag","embeddable":true,"href":"https:\/\/beyazbutik.com\/ar\/wp-json\/wp\/v2\/product_tag?post=25821"}],"curies":[{"name":"wp","href":"https:\/\/api.w.org\/{rel}","templated":true}]}}