{"id":25829,"date":"2025-02-22T18:32:14","date_gmt":"2025-02-22T15:32:14","guid":{"rendered":"https:\/\/beyazbutik.com\/?post_type=product&#038;p=25829"},"modified":"2025-02-28T23:55:16","modified_gmt":"2025-02-28T20:55:16","slug":"giz","status":"publish","type":"product","link":"https:\/\/beyazbutik.com\/ar\/product\/giz\/","title":{"rendered":"Giz"},"content":{"rendered":"","protected":false},"excerpt":{"rendered":"<p class=\"p1\">Pamuklu kuma\u015f \u00fczerine tamamen beyaz i\u015f tekni\u011fi ile i\u015flenmi\u015f, a\u00e7\u0131k kesimi ve d\u00f6k\u00fcml\u00fc formuyla \u00f6zg\u00fcn bir zarafet sunan tasar\u0131m. Geleneksel beyaz i\u015f sanat\u0131n\u0131n \u00e7a\u011fda\u015f bir yans\u0131mas\u0131d\u0131r.<\/p>\n","protected":false},"featured_media":25832,"template":"","meta":[],"product_brand":[],"product_cat":[293],"product_tag":[],"class_list":{"0":"post-25829","1":"product","2":"type-product","3":"status-publish","4":"has-post-thumbnail","6":"product_cat-yadigar","8":"first","9":"instock","10":"shipping-taxable","11":"product-type-simple"},"_links":{"self":[{"href":"https:\/\/beyazbutik.com\/ar\/wp-json\/wp\/v2\/product\/25829","targetHints":{"allow":["GET"]}}],"collection":[{"href":"https:\/\/beyazbutik.com\/ar\/wp-json\/wp\/v2\/product"}],"about":[{"href":"https:\/\/beyazbutik.com\/ar\/wp-json\/wp\/v2\/types\/product"}],"version-history":[{"count":2,"href":"https:\/\/beyazbutik.com\/ar\/wp-json\/wp\/v2\/product\/25829\/revisions"}],"predecessor-version":[{"id":26441,"href":"https:\/\/beyazbutik.com\/ar\/wp-json\/wp\/v2\/product\/25829\/revisions\/26441"}],"wp:featuredmedia":[{"embeddable":true,"href":"https:\/\/beyazbutik.com\/ar\/wp-json\/wp\/v2\/media\/25832"}],"wp:attachment":[{"href":"https:\/\/beyazbutik.com\/ar\/wp-json\/wp\/v2\/media?parent=25829"}],"wp:term":[{"taxonomy":"product_brand","embeddable":true,"href":"https:\/\/beyazbutik.com\/ar\/wp-json\/wp\/v2\/product_brand?post=25829"},{"taxonomy":"product_cat","embeddable":true,"href":"https:\/\/beyazbutik.com\/ar\/wp-json\/wp\/v2\/product_cat?post=25829"},{"taxonomy":"product_tag","embeddable":true,"href":"https:\/\/beyazbutik.com\/ar\/wp-json\/wp\/v2\/product_tag?post=25829"}],"curies":[{"name":"wp","href":"https:\/\/api.w.org\/{rel}","templated":true}]}}