{"id":25846,"date":"2025-02-22T18:52:40","date_gmt":"2025-02-22T15:52:40","guid":{"rendered":"https:\/\/beyazbutik.com\/?post_type=product&#038;p=25846"},"modified":"2025-02-22T18:55:35","modified_gmt":"2025-02-22T15:55:35","slug":"hayat","status":"publish","type":"product","link":"https:\/\/beyazbutik.com\/ar\/product\/hayat\/","title":{"rendered":"Hayat"},"content":{"rendered":"","protected":false},"excerpt":{"rendered":"<p class=\"p1\">Geleneksel T\u00fcrk k\u00fclt\u00fcr\u00fcnden beslenen hayat a\u011fac\u0131 motifi, g\u00f6\u011f\u00fcs k\u0131sm\u0131nda ve kollarda dival i\u015fi tekni\u011fi kullan\u0131larak i\u015flenmi\u015ftir.<\/p>\n","protected":false},"featured_media":25847,"template":"","meta":[],"product_brand":[],"product_cat":[293],"product_tag":[],"class_list":{"0":"post-25846","1":"product","2":"type-product","3":"status-publish","4":"has-post-thumbnail","6":"product_cat-yadigar","8":"first","9":"instock","10":"shipping-taxable","11":"product-type-simple"},"_links":{"self":[{"href":"https:\/\/beyazbutik.com\/ar\/wp-json\/wp\/v2\/product\/25846","targetHints":{"allow":["GET"]}}],"collection":[{"href":"https:\/\/beyazbutik.com\/ar\/wp-json\/wp\/v2\/product"}],"about":[{"href":"https:\/\/beyazbutik.com\/ar\/wp-json\/wp\/v2\/types\/product"}],"version-history":[{"count":1,"href":"https:\/\/beyazbutik.com\/ar\/wp-json\/wp\/v2\/product\/25846\/revisions"}],"predecessor-version":[{"id":25849,"href":"https:\/\/beyazbutik.com\/ar\/wp-json\/wp\/v2\/product\/25846\/revisions\/25849"}],"wp:featuredmedia":[{"embeddable":true,"href":"https:\/\/beyazbutik.com\/ar\/wp-json\/wp\/v2\/media\/25847"}],"wp:attachment":[{"href":"https:\/\/beyazbutik.com\/ar\/wp-json\/wp\/v2\/media?parent=25846"}],"wp:term":[{"taxonomy":"product_brand","embeddable":true,"href":"https:\/\/beyazbutik.com\/ar\/wp-json\/wp\/v2\/product_brand?post=25846"},{"taxonomy":"product_cat","embeddable":true,"href":"https:\/\/beyazbutik.com\/ar\/wp-json\/wp\/v2\/product_cat?post=25846"},{"taxonomy":"product_tag","embeddable":true,"href":"https:\/\/beyazbutik.com\/ar\/wp-json\/wp\/v2\/product_tag?post=25846"}],"curies":[{"name":"wp","href":"https:\/\/api.w.org\/{rel}","templated":true}]}}