{"id":25850,"date":"2025-02-22T18:55:48","date_gmt":"2025-02-22T15:55:48","guid":{"rendered":"https:\/\/beyazbutik.com\/?post_type=product&#038;p=25850"},"modified":"2025-02-22T18:58:36","modified_gmt":"2025-02-22T15:58:36","slug":"tilsim","status":"publish","type":"product","link":"https:\/\/beyazbutik.com\/ar\/product\/tilsim\/","title":{"rendered":"T\u0131ls\u0131m"},"content":{"rendered":"","protected":false},"excerpt":{"rendered":"<p class=\"p1\">Antik paralarla bezeli ipek \u015fantuk kuma\u015ftan olu\u015fan b\u00fcstiyer, tel sarma tekni\u011fiyle i\u015flenmi\u015ftir.<\/p>\n","protected":false},"featured_media":25853,"template":"","meta":[],"product_brand":[],"product_cat":[293],"product_tag":[],"class_list":{"0":"post-25850","1":"product","2":"type-product","3":"status-publish","4":"has-post-thumbnail","6":"product_cat-yadigar","8":"first","9":"instock","10":"shipping-taxable","11":"product-type-simple"},"_links":{"self":[{"href":"https:\/\/beyazbutik.com\/ar\/wp-json\/wp\/v2\/product\/25850","targetHints":{"allow":["GET"]}}],"collection":[{"href":"https:\/\/beyazbutik.com\/ar\/wp-json\/wp\/v2\/product"}],"about":[{"href":"https:\/\/beyazbutik.com\/ar\/wp-json\/wp\/v2\/types\/product"}],"version-history":[{"count":1,"href":"https:\/\/beyazbutik.com\/ar\/wp-json\/wp\/v2\/product\/25850\/revisions"}],"predecessor-version":[{"id":25855,"href":"https:\/\/beyazbutik.com\/ar\/wp-json\/wp\/v2\/product\/25850\/revisions\/25855"}],"wp:featuredmedia":[{"embeddable":true,"href":"https:\/\/beyazbutik.com\/ar\/wp-json\/wp\/v2\/media\/25853"}],"wp:attachment":[{"href":"https:\/\/beyazbutik.com\/ar\/wp-json\/wp\/v2\/media?parent=25850"}],"wp:term":[{"taxonomy":"product_brand","embeddable":true,"href":"https:\/\/beyazbutik.com\/ar\/wp-json\/wp\/v2\/product_brand?post=25850"},{"taxonomy":"product_cat","embeddable":true,"href":"https:\/\/beyazbutik.com\/ar\/wp-json\/wp\/v2\/product_cat?post=25850"},{"taxonomy":"product_tag","embeddable":true,"href":"https:\/\/beyazbutik.com\/ar\/wp-json\/wp\/v2\/product_tag?post=25850"}],"curies":[{"name":"wp","href":"https:\/\/api.w.org\/{rel}","templated":true}]}}