{"id":25856,"date":"2025-02-22T18:59:42","date_gmt":"2025-02-22T15:59:42","guid":{"rendered":"https:\/\/beyazbutik.com\/?post_type=product&#038;p=25856"},"modified":"2025-03-14T00:41:55","modified_gmt":"2025-03-13T21:41:55","slug":"dante","status":"publish","type":"product","link":"https:\/\/beyazbutik.com\/ar\/product\/dante\/","title":{"rendered":"Dante"},"content":{"rendered":"","protected":false},"excerpt":{"rendered":"<p class=\"p1\">Geleneksel dantel ve \u015fifon kuma\u015f birle\u015ftirilerek tasarlanm\u0131\u015ft\u0131r.<\/p>\n","protected":false},"featured_media":25859,"template":"","meta":[],"product_brand":[],"product_cat":[293],"product_tag":[],"class_list":{"0":"post-25856","1":"product","2":"type-product","3":"status-publish","4":"has-post-thumbnail","6":"product_cat-yadigar","8":"first","9":"instock","10":"shipping-taxable","11":"product-type-simple"},"_links":{"self":[{"href":"https:\/\/beyazbutik.com\/ar\/wp-json\/wp\/v2\/product\/25856","targetHints":{"allow":["GET"]}}],"collection":[{"href":"https:\/\/beyazbutik.com\/ar\/wp-json\/wp\/v2\/product"}],"about":[{"href":"https:\/\/beyazbutik.com\/ar\/wp-json\/wp\/v2\/types\/product"}],"version-history":[{"count":1,"href":"https:\/\/beyazbutik.com\/ar\/wp-json\/wp\/v2\/product\/25856\/revisions"}],"predecessor-version":[{"id":25867,"href":"https:\/\/beyazbutik.com\/ar\/wp-json\/wp\/v2\/product\/25856\/revisions\/25867"}],"wp:featuredmedia":[{"embeddable":true,"href":"https:\/\/beyazbutik.com\/ar\/wp-json\/wp\/v2\/media\/25859"}],"wp:attachment":[{"href":"https:\/\/beyazbutik.com\/ar\/wp-json\/wp\/v2\/media?parent=25856"}],"wp:term":[{"taxonomy":"product_brand","embeddable":true,"href":"https:\/\/beyazbutik.com\/ar\/wp-json\/wp\/v2\/product_brand?post=25856"},{"taxonomy":"product_cat","embeddable":true,"href":"https:\/\/beyazbutik.com\/ar\/wp-json\/wp\/v2\/product_cat?post=25856"},{"taxonomy":"product_tag","embeddable":true,"href":"https:\/\/beyazbutik.com\/ar\/wp-json\/wp\/v2\/product_tag?post=25856"}],"curies":[{"name":"wp","href":"https:\/\/api.w.org\/{rel}","templated":true}]}}