{"id":25868,"date":"2025-02-22T19:02:08","date_gmt":"2025-02-22T16:02:08","guid":{"rendered":"https:\/\/beyazbutik.com\/?post_type=product&#038;p=25868"},"modified":"2025-02-22T19:03:43","modified_gmt":"2025-02-22T16:03:43","slug":"beyza","status":"publish","type":"product","link":"https:\/\/beyazbutik.com\/ar\/product\/beyza\/","title":{"rendered":"Beyza"},"content":{"rendered":"","protected":false},"excerpt":{"rendered":"<p class=\"p1\">Beyaz i\u015f tekni\u011fiyle ipek ziberlin kuma\u015f kullan\u0131larak bal\u0131k formunda tasarlanm\u0131\u015ft\u0131r.<\/p>\n","protected":false},"featured_media":25869,"template":"","meta":[],"product_brand":[],"product_cat":[293],"product_tag":[],"class_list":{"0":"post-25868","1":"product","2":"type-product","3":"status-publish","4":"has-post-thumbnail","6":"product_cat-yadigar","8":"first","9":"instock","10":"shipping-taxable","11":"product-type-simple"},"_links":{"self":[{"href":"https:\/\/beyazbutik.com\/ar\/wp-json\/wp\/v2\/product\/25868","targetHints":{"allow":["GET"]}}],"collection":[{"href":"https:\/\/beyazbutik.com\/ar\/wp-json\/wp\/v2\/product"}],"about":[{"href":"https:\/\/beyazbutik.com\/ar\/wp-json\/wp\/v2\/types\/product"}],"version-history":[{"count":1,"href":"https:\/\/beyazbutik.com\/ar\/wp-json\/wp\/v2\/product\/25868\/revisions"}],"predecessor-version":[{"id":25877,"href":"https:\/\/beyazbutik.com\/ar\/wp-json\/wp\/v2\/product\/25868\/revisions\/25877"}],"wp:featuredmedia":[{"embeddable":true,"href":"https:\/\/beyazbutik.com\/ar\/wp-json\/wp\/v2\/media\/25869"}],"wp:attachment":[{"href":"https:\/\/beyazbutik.com\/ar\/wp-json\/wp\/v2\/media?parent=25868"}],"wp:term":[{"taxonomy":"product_brand","embeddable":true,"href":"https:\/\/beyazbutik.com\/ar\/wp-json\/wp\/v2\/product_brand?post=25868"},{"taxonomy":"product_cat","embeddable":true,"href":"https:\/\/beyazbutik.com\/ar\/wp-json\/wp\/v2\/product_cat?post=25868"},{"taxonomy":"product_tag","embeddable":true,"href":"https:\/\/beyazbutik.com\/ar\/wp-json\/wp\/v2\/product_tag?post=25868"}],"curies":[{"name":"wp","href":"https:\/\/api.w.org\/{rel}","templated":true}]}}