{"id":25878,"date":"2025-02-22T19:03:55","date_gmt":"2025-02-22T16:03:55","guid":{"rendered":"https:\/\/beyazbutik.com\/?post_type=product&#038;p=25878"},"modified":"2025-02-22T19:05:23","modified_gmt":"2025-02-22T16:05:23","slug":"sir","status":"publish","type":"product","link":"https:\/\/beyazbutik.com\/ar\/product\/sir\/","title":{"rendered":"S\u0131r"},"content":{"rendered":"","protected":false},"excerpt":{"rendered":"<p class=\"p1\">Brokar elbisenin \u00fczerine eklenen Frans\u0131z danteliyle olu\u015fturulan kaftan, \u00e7i\u00e7ek desenleriyle i\u015flenerek d\u00f6k\u00fcml\u00fc formda tasarlanm\u0131\u015ft\u0131r.<\/p>\n","protected":false},"featured_media":25879,"template":"","meta":[],"product_brand":[],"product_cat":[293],"product_tag":[],"class_list":{"0":"post-25878","1":"product","2":"type-product","3":"status-publish","4":"has-post-thumbnail","6":"product_cat-yadigar","8":"first","9":"instock","10":"shipping-taxable","11":"product-type-simple"},"_links":{"self":[{"href":"https:\/\/beyazbutik.com\/ar\/wp-json\/wp\/v2\/product\/25878","targetHints":{"allow":["GET"]}}],"collection":[{"href":"https:\/\/beyazbutik.com\/ar\/wp-json\/wp\/v2\/product"}],"about":[{"href":"https:\/\/beyazbutik.com\/ar\/wp-json\/wp\/v2\/types\/product"}],"version-history":[{"count":1,"href":"https:\/\/beyazbutik.com\/ar\/wp-json\/wp\/v2\/product\/25878\/revisions"}],"predecessor-version":[{"id":25887,"href":"https:\/\/beyazbutik.com\/ar\/wp-json\/wp\/v2\/product\/25878\/revisions\/25887"}],"wp:featuredmedia":[{"embeddable":true,"href":"https:\/\/beyazbutik.com\/ar\/wp-json\/wp\/v2\/media\/25879"}],"wp:attachment":[{"href":"https:\/\/beyazbutik.com\/ar\/wp-json\/wp\/v2\/media?parent=25878"}],"wp:term":[{"taxonomy":"product_brand","embeddable":true,"href":"https:\/\/beyazbutik.com\/ar\/wp-json\/wp\/v2\/product_brand?post=25878"},{"taxonomy":"product_cat","embeddable":true,"href":"https:\/\/beyazbutik.com\/ar\/wp-json\/wp\/v2\/product_cat?post=25878"},{"taxonomy":"product_tag","embeddable":true,"href":"https:\/\/beyazbutik.com\/ar\/wp-json\/wp\/v2\/product_tag?post=25878"}],"curies":[{"name":"wp","href":"https:\/\/api.w.org\/{rel}","templated":true}]}}