{"id":25888,"date":"2025-02-22T19:05:36","date_gmt":"2025-02-22T16:05:36","guid":{"rendered":"https:\/\/beyazbutik.com\/?post_type=product&#038;p=25888"},"modified":"2025-03-14T00:40:53","modified_gmt":"2025-03-13T21:40:53","slug":"koza","status":"publish","type":"product","link":"https:\/\/beyazbutik.com\/ar\/product\/koza\/","title":{"rendered":"Koza"},"content":{"rendered":"","protected":false},"excerpt":{"rendered":"<p class=\"p1\">Dival i\u015fiyle s\u00fcslenmi\u015f yelek ve ipek \u015fifon elbise birle\u015fimiyle olu\u015fturulmu\u015ftur. De\u011fi\u015fimin ve d\u00f6n\u00fc\u015f\u00fcm\u00fcn simgesi olan Koza, do\u011fan\u0131n d\u00f6ng\u00fcs\u00fcnden ilham al\u0131yor.<\/p>\n","protected":false},"featured_media":25891,"template":"","meta":[],"product_brand":[],"product_cat":[293],"product_tag":[],"class_list":{"0":"post-25888","1":"product","2":"type-product","3":"status-publish","4":"has-post-thumbnail","6":"product_cat-yadigar","8":"first","9":"instock","10":"shipping-taxable","11":"product-type-simple"},"_links":{"self":[{"href":"https:\/\/beyazbutik.com\/ar\/wp-json\/wp\/v2\/product\/25888","targetHints":{"allow":["GET"]}}],"collection":[{"href":"https:\/\/beyazbutik.com\/ar\/wp-json\/wp\/v2\/product"}],"about":[{"href":"https:\/\/beyazbutik.com\/ar\/wp-json\/wp\/v2\/types\/product"}],"version-history":[{"count":2,"href":"https:\/\/beyazbutik.com\/ar\/wp-json\/wp\/v2\/product\/25888\/revisions"}],"predecessor-version":[{"id":26442,"href":"https:\/\/beyazbutik.com\/ar\/wp-json\/wp\/v2\/product\/25888\/revisions\/26442"}],"wp:featuredmedia":[{"embeddable":true,"href":"https:\/\/beyazbutik.com\/ar\/wp-json\/wp\/v2\/media\/25891"}],"wp:attachment":[{"href":"https:\/\/beyazbutik.com\/ar\/wp-json\/wp\/v2\/media?parent=25888"}],"wp:term":[{"taxonomy":"product_brand","embeddable":true,"href":"https:\/\/beyazbutik.com\/ar\/wp-json\/wp\/v2\/product_brand?post=25888"},{"taxonomy":"product_cat","embeddable":true,"href":"https:\/\/beyazbutik.com\/ar\/wp-json\/wp\/v2\/product_cat?post=25888"},{"taxonomy":"product_tag","embeddable":true,"href":"https:\/\/beyazbutik.com\/ar\/wp-json\/wp\/v2\/product_tag?post=25888"}],"curies":[{"name":"wp","href":"https:\/\/api.w.org\/{rel}","templated":true}]}}