{"id":25896,"date":"2025-02-22T19:07:25","date_gmt":"2025-02-22T16:07:25","guid":{"rendered":"https:\/\/beyazbutik.com\/?post_type=product&#038;p=25896"},"modified":"2025-02-22T19:08:50","modified_gmt":"2025-02-22T16:08:50","slug":"mihenk","status":"publish","type":"product","link":"https:\/\/beyazbutik.com\/ar\/product\/mihenk\/","title":{"rendered":"Mihenk"},"content":{"rendered":"","protected":false},"excerpt":{"rendered":"<p class=\"p1\">Suzeni, kordon tutturma tekni\u011fiyle elde i\u015flenmi\u015f ipek organze kuma\u015f \u00fczerine narince oturan ipek \u015fantuk kaftan birle\u015fimiyle haz\u0131rlanm\u0131\u015ft\u0131r.<\/p>\n","protected":false},"featured_media":25897,"template":"","meta":[],"product_brand":[],"product_cat":[293],"product_tag":[],"class_list":{"0":"post-25896","1":"product","2":"type-product","3":"status-publish","4":"has-post-thumbnail","6":"product_cat-yadigar","8":"first","9":"instock","10":"shipping-taxable","11":"product-type-simple"},"_links":{"self":[{"href":"https:\/\/beyazbutik.com\/ar\/wp-json\/wp\/v2\/product\/25896","targetHints":{"allow":["GET"]}}],"collection":[{"href":"https:\/\/beyazbutik.com\/ar\/wp-json\/wp\/v2\/product"}],"about":[{"href":"https:\/\/beyazbutik.com\/ar\/wp-json\/wp\/v2\/types\/product"}],"version-history":[{"count":1,"href":"https:\/\/beyazbutik.com\/ar\/wp-json\/wp\/v2\/product\/25896\/revisions"}],"predecessor-version":[{"id":25903,"href":"https:\/\/beyazbutik.com\/ar\/wp-json\/wp\/v2\/product\/25896\/revisions\/25903"}],"wp:featuredmedia":[{"embeddable":true,"href":"https:\/\/beyazbutik.com\/ar\/wp-json\/wp\/v2\/media\/25897"}],"wp:attachment":[{"href":"https:\/\/beyazbutik.com\/ar\/wp-json\/wp\/v2\/media?parent=25896"}],"wp:term":[{"taxonomy":"product_brand","embeddable":true,"href":"https:\/\/beyazbutik.com\/ar\/wp-json\/wp\/v2\/product_brand?post=25896"},{"taxonomy":"product_cat","embeddable":true,"href":"https:\/\/beyazbutik.com\/ar\/wp-json\/wp\/v2\/product_cat?post=25896"},{"taxonomy":"product_tag","embeddable":true,"href":"https:\/\/beyazbutik.com\/ar\/wp-json\/wp\/v2\/product_tag?post=25896"}],"curies":[{"name":"wp","href":"https:\/\/api.w.org\/{rel}","templated":true}]}}