{"id":25904,"date":"2025-02-22T19:09:00","date_gmt":"2025-02-22T16:09:00","guid":{"rendered":"https:\/\/beyazbutik.com\/?post_type=product&#038;p=25904"},"modified":"2025-02-28T23:55:24","modified_gmt":"2025-02-28T20:55:24","slug":"umay","status":"publish","type":"product","link":"https:\/\/beyazbutik.com\/ar\/product\/umay\/","title":{"rendered":"Umay"},"content":{"rendered":"","protected":false},"excerpt":{"rendered":"<p class=\"p1\">Ko\u00e7 ba\u015f\u0131 ve eli belinde motifleri kullan\u0131larak tel sarma tekni\u011fiyle i\u015flenmi\u015f \u015fantuk kuma\u015f, aksesuarlar ve ince g\u00fcp\u00fcr detaylarla tamamlanm\u0131\u015ft\u0131r. G\u00fcc\u00fcn ve koruyuculu\u011fun temsilcisi olan Umay, tarihi motiflerin modern yorumu ile dikkat \u00e7ekiyor.<\/p>\n","protected":false},"featured_media":25905,"template":"","meta":[],"product_brand":[],"product_cat":[293],"product_tag":[],"class_list":{"0":"post-25904","1":"product","2":"type-product","3":"status-publish","4":"has-post-thumbnail","6":"product_cat-yadigar","8":"first","9":"instock","10":"shipping-taxable","11":"product-type-simple"},"_links":{"self":[{"href":"https:\/\/beyazbutik.com\/ar\/wp-json\/wp\/v2\/product\/25904","targetHints":{"allow":["GET"]}}],"collection":[{"href":"https:\/\/beyazbutik.com\/ar\/wp-json\/wp\/v2\/product"}],"about":[{"href":"https:\/\/beyazbutik.com\/ar\/wp-json\/wp\/v2\/types\/product"}],"version-history":[{"count":2,"href":"https:\/\/beyazbutik.com\/ar\/wp-json\/wp\/v2\/product\/25904\/revisions"}],"predecessor-version":[{"id":26443,"href":"https:\/\/beyazbutik.com\/ar\/wp-json\/wp\/v2\/product\/25904\/revisions\/26443"}],"wp:featuredmedia":[{"embeddable":true,"href":"https:\/\/beyazbutik.com\/ar\/wp-json\/wp\/v2\/media\/25905"}],"wp:attachment":[{"href":"https:\/\/beyazbutik.com\/ar\/wp-json\/wp\/v2\/media?parent=25904"}],"wp:term":[{"taxonomy":"product_brand","embeddable":true,"href":"https:\/\/beyazbutik.com\/ar\/wp-json\/wp\/v2\/product_brand?post=25904"},{"taxonomy":"product_cat","embeddable":true,"href":"https:\/\/beyazbutik.com\/ar\/wp-json\/wp\/v2\/product_cat?post=25904"},{"taxonomy":"product_tag","embeddable":true,"href":"https:\/\/beyazbutik.com\/ar\/wp-json\/wp\/v2\/product_tag?post=25904"}],"curies":[{"name":"wp","href":"https:\/\/api.w.org\/{rel}","templated":true}]}}