{"id":25916,"date":"2025-02-22T19:11:48","date_gmt":"2025-02-22T16:11:48","guid":{"rendered":"https:\/\/beyazbutik.com\/?post_type=product&#038;p=25916"},"modified":"2025-02-22T19:13:48","modified_gmt":"2025-02-22T16:13:48","slug":"nadide","status":"publish","type":"product","link":"https:\/\/beyazbutik.com\/ar\/product\/nadide\/","title":{"rendered":"Nadide"},"content":{"rendered":"","protected":false},"excerpt":{"rendered":"<p class=\"p1\">Koton kadife ve ipek \u015fantuk kuma\u015f \u00fczerine dival isi tekni\u011fiyle i\u015flenmi\u015ftir.<\/p>\n","protected":false},"featured_media":25917,"template":"","meta":[],"product_brand":[],"product_cat":[293],"product_tag":[],"class_list":{"0":"post-25916","1":"product","2":"type-product","3":"status-publish","4":"has-post-thumbnail","6":"product_cat-yadigar","8":"first","9":"instock","10":"shipping-taxable","11":"product-type-simple"},"_links":{"self":[{"href":"https:\/\/beyazbutik.com\/ar\/wp-json\/wp\/v2\/product\/25916","targetHints":{"allow":["GET"]}}],"collection":[{"href":"https:\/\/beyazbutik.com\/ar\/wp-json\/wp\/v2\/product"}],"about":[{"href":"https:\/\/beyazbutik.com\/ar\/wp-json\/wp\/v2\/types\/product"}],"version-history":[{"count":1,"href":"https:\/\/beyazbutik.com\/ar\/wp-json\/wp\/v2\/product\/25916\/revisions"}],"predecessor-version":[{"id":25919,"href":"https:\/\/beyazbutik.com\/ar\/wp-json\/wp\/v2\/product\/25916\/revisions\/25919"}],"wp:featuredmedia":[{"embeddable":true,"href":"https:\/\/beyazbutik.com\/ar\/wp-json\/wp\/v2\/media\/25917"}],"wp:attachment":[{"href":"https:\/\/beyazbutik.com\/ar\/wp-json\/wp\/v2\/media?parent=25916"}],"wp:term":[{"taxonomy":"product_brand","embeddable":true,"href":"https:\/\/beyazbutik.com\/ar\/wp-json\/wp\/v2\/product_brand?post=25916"},{"taxonomy":"product_cat","embeddable":true,"href":"https:\/\/beyazbutik.com\/ar\/wp-json\/wp\/v2\/product_cat?post=25916"},{"taxonomy":"product_tag","embeddable":true,"href":"https:\/\/beyazbutik.com\/ar\/wp-json\/wp\/v2\/product_tag?post=25916"}],"curies":[{"name":"wp","href":"https:\/\/api.w.org\/{rel}","templated":true}]}}