{"id":25920,"date":"2025-02-22T19:13:55","date_gmt":"2025-02-22T16:13:55","guid":{"rendered":"https:\/\/beyazbutik.com\/?post_type=product&#038;p=25920"},"modified":"2025-03-14T00:42:42","modified_gmt":"2025-03-13T21:42:42","slug":"asude","status":"publish","type":"product","link":"https:\/\/beyazbutik.com\/ar\/product\/asude\/","title":{"rendered":"Asude"},"content":{"rendered":"","protected":false},"excerpt":{"rendered":"<p class=\"p1\">Ziberlin kuma\u015fla haz\u0131rlanan kuyruk formlu gelinlik, saf durulu\u011fun ve beyaz i\u015fin kusursuz geometrisinin birle\u015fimiyle olu\u015fturulmu\u015ftur.<\/p>\n","protected":false},"featured_media":25923,"template":"","meta":[],"product_brand":[],"product_cat":[293],"product_tag":[],"class_list":{"0":"post-25920","1":"product","2":"type-product","3":"status-publish","4":"has-post-thumbnail","6":"product_cat-yadigar","8":"first","9":"instock","10":"shipping-taxable","11":"product-type-simple"},"_links":{"self":[{"href":"https:\/\/beyazbutik.com\/ar\/wp-json\/wp\/v2\/product\/25920","targetHints":{"allow":["GET"]}}],"collection":[{"href":"https:\/\/beyazbutik.com\/ar\/wp-json\/wp\/v2\/product"}],"about":[{"href":"https:\/\/beyazbutik.com\/ar\/wp-json\/wp\/v2\/types\/product"}],"version-history":[{"count":1,"href":"https:\/\/beyazbutik.com\/ar\/wp-json\/wp\/v2\/product\/25920\/revisions"}],"predecessor-version":[{"id":25929,"href":"https:\/\/beyazbutik.com\/ar\/wp-json\/wp\/v2\/product\/25920\/revisions\/25929"}],"wp:featuredmedia":[{"embeddable":true,"href":"https:\/\/beyazbutik.com\/ar\/wp-json\/wp\/v2\/media\/25923"}],"wp:attachment":[{"href":"https:\/\/beyazbutik.com\/ar\/wp-json\/wp\/v2\/media?parent=25920"}],"wp:term":[{"taxonomy":"product_brand","embeddable":true,"href":"https:\/\/beyazbutik.com\/ar\/wp-json\/wp\/v2\/product_brand?post=25920"},{"taxonomy":"product_cat","embeddable":true,"href":"https:\/\/beyazbutik.com\/ar\/wp-json\/wp\/v2\/product_cat?post=25920"},{"taxonomy":"product_tag","embeddable":true,"href":"https:\/\/beyazbutik.com\/ar\/wp-json\/wp\/v2\/product_tag?post=25920"}],"curies":[{"name":"wp","href":"https:\/\/api.w.org\/{rel}","templated":true}]}}