{"id":25930,"date":"2025-02-22T19:16:25","date_gmt":"2025-02-22T16:16:25","guid":{"rendered":"https:\/\/beyazbutik.com\/?post_type=product&#038;p=25930"},"modified":"2025-03-14T00:40:10","modified_gmt":"2025-03-13T21:40:10","slug":"leyla","status":"publish","type":"product","link":"https:\/\/beyazbutik.com\/ar\/product\/leyla\/","title":{"rendered":"Leyla"},"content":{"rendered":"","protected":false},"excerpt":{"rendered":"<p class=\"p1\">Elde kordon tutturma ve suzeni tekni\u011fi ile i\u015flenmi\u015f, brokar etekle tamamlanm\u0131\u015ft\u0131r. Ge\u00e7mi\u015fin ruhunu ta\u015f\u0131yan zarif bir tasar\u0131md\u0131r.<\/p>\n","protected":false},"featured_media":25933,"template":"","meta":[],"product_brand":[],"product_cat":[293],"product_tag":[],"class_list":{"0":"post-25930","1":"product","2":"type-product","3":"status-publish","4":"has-post-thumbnail","6":"product_cat-yadigar","8":"first","9":"instock","10":"shipping-taxable","11":"product-type-simple"},"_links":{"self":[{"href":"https:\/\/beyazbutik.com\/ar\/wp-json\/wp\/v2\/product\/25930","targetHints":{"allow":["GET"]}}],"collection":[{"href":"https:\/\/beyazbutik.com\/ar\/wp-json\/wp\/v2\/product"}],"about":[{"href":"https:\/\/beyazbutik.com\/ar\/wp-json\/wp\/v2\/types\/product"}],"version-history":[{"count":2,"href":"https:\/\/beyazbutik.com\/ar\/wp-json\/wp\/v2\/product\/25930\/revisions"}],"predecessor-version":[{"id":26444,"href":"https:\/\/beyazbutik.com\/ar\/wp-json\/wp\/v2\/product\/25930\/revisions\/26444"}],"wp:featuredmedia":[{"embeddable":true,"href":"https:\/\/beyazbutik.com\/ar\/wp-json\/wp\/v2\/media\/25933"}],"wp:attachment":[{"href":"https:\/\/beyazbutik.com\/ar\/wp-json\/wp\/v2\/media?parent=25930"}],"wp:term":[{"taxonomy":"product_brand","embeddable":true,"href":"https:\/\/beyazbutik.com\/ar\/wp-json\/wp\/v2\/product_brand?post=25930"},{"taxonomy":"product_cat","embeddable":true,"href":"https:\/\/beyazbutik.com\/ar\/wp-json\/wp\/v2\/product_cat?post=25930"},{"taxonomy":"product_tag","embeddable":true,"href":"https:\/\/beyazbutik.com\/ar\/wp-json\/wp\/v2\/product_tag?post=25930"}],"curies":[{"name":"wp","href":"https:\/\/api.w.org\/{rel}","templated":true}]}}