{"id":27073,"date":"2025-04-11T15:56:54","date_gmt":"2025-04-11T12:56:54","guid":{"rendered":"https:\/\/beyazbutik.com\/?post_type=product&#038;p=27073"},"modified":"2025-04-14T23:06:46","modified_gmt":"2025-04-14T20:06:46","slug":"amora","status":"publish","type":"product","link":"https:\/\/beyazbutik.com\/ar\/product\/amora\/","title":{"rendered":"Amora"},"content":{"rendered":"","protected":false},"excerpt":{"rendered":"<p>Cesur kesimi ve \u0131\u015f\u0131lt\u0131l\u0131 dokusuyla modern gelinler i\u00e7in \u00f6zg\u00fcn bir se\u00e7im.<\/p>\n","protected":false},"featured_media":27076,"template":"","meta":[],"product_brand":[],"product_cat":[304],"product_tag":[],"class_list":{"0":"post-27073","1":"product","2":"type-product","3":"status-publish","4":"has-post-thumbnail","6":"product_cat-primavera","8":"first","9":"instock","10":"shipping-taxable","11":"product-type-simple"},"_links":{"self":[{"href":"https:\/\/beyazbutik.com\/ar\/wp-json\/wp\/v2\/product\/27073","targetHints":{"allow":["GET"]}}],"collection":[{"href":"https:\/\/beyazbutik.com\/ar\/wp-json\/wp\/v2\/product"}],"about":[{"href":"https:\/\/beyazbutik.com\/ar\/wp-json\/wp\/v2\/types\/product"}],"version-history":[{"count":2,"href":"https:\/\/beyazbutik.com\/ar\/wp-json\/wp\/v2\/product\/27073\/revisions"}],"predecessor-version":[{"id":27427,"href":"https:\/\/beyazbutik.com\/ar\/wp-json\/wp\/v2\/product\/27073\/revisions\/27427"}],"wp:featuredmedia":[{"embeddable":true,"href":"https:\/\/beyazbutik.com\/ar\/wp-json\/wp\/v2\/media\/27076"}],"wp:attachment":[{"href":"https:\/\/beyazbutik.com\/ar\/wp-json\/wp\/v2\/media?parent=27073"}],"wp:term":[{"taxonomy":"product_brand","embeddable":true,"href":"https:\/\/beyazbutik.com\/ar\/wp-json\/wp\/v2\/product_brand?post=27073"},{"taxonomy":"product_cat","embeddable":true,"href":"https:\/\/beyazbutik.com\/ar\/wp-json\/wp\/v2\/product_cat?post=27073"},{"taxonomy":"product_tag","embeddable":true,"href":"https:\/\/beyazbutik.com\/ar\/wp-json\/wp\/v2\/product_tag?post=27073"}],"curies":[{"name":"wp","href":"https:\/\/api.w.org\/{rel}","templated":true}]}}