{"id":27086,"date":"2025-04-11T15:57:21","date_gmt":"2025-04-11T12:57:21","guid":{"rendered":"https:\/\/beyazbutik.com\/?post_type=product&#038;p=27086"},"modified":"2025-04-14T23:48:43","modified_gmt":"2025-04-14T20:48:43","slug":"candice","status":"publish","type":"product","link":"https:\/\/beyazbutik.com\/ar\/product\/candice\/","title":{"rendered":"Candice"},"content":{"rendered":"","protected":false},"excerpt":{"rendered":"<p>Vintage dokunu\u015flarla zenginle\u015ftirilmi\u015f zarif ve nostaljik bir tasar\u0131m.<\/p>\n","protected":false},"featured_media":27087,"template":"","meta":[],"product_brand":[],"product_cat":[304],"product_tag":[],"class_list":{"0":"post-27086","1":"product","2":"type-product","3":"status-publish","4":"has-post-thumbnail","6":"product_cat-primavera","8":"first","9":"instock","10":"shipping-taxable","11":"product-type-simple"},"_links":{"self":[{"href":"https:\/\/beyazbutik.com\/ar\/wp-json\/wp\/v2\/product\/27086","targetHints":{"allow":["GET"]}}],"collection":[{"href":"https:\/\/beyazbutik.com\/ar\/wp-json\/wp\/v2\/product"}],"about":[{"href":"https:\/\/beyazbutik.com\/ar\/wp-json\/wp\/v2\/types\/product"}],"version-history":[{"count":2,"href":"https:\/\/beyazbutik.com\/ar\/wp-json\/wp\/v2\/product\/27086\/revisions"}],"predecessor-version":[{"id":27417,"href":"https:\/\/beyazbutik.com\/ar\/wp-json\/wp\/v2\/product\/27086\/revisions\/27417"}],"wp:featuredmedia":[{"embeddable":true,"href":"https:\/\/beyazbutik.com\/ar\/wp-json\/wp\/v2\/media\/27087"}],"wp:attachment":[{"href":"https:\/\/beyazbutik.com\/ar\/wp-json\/wp\/v2\/media?parent=27086"}],"wp:term":[{"taxonomy":"product_brand","embeddable":true,"href":"https:\/\/beyazbutik.com\/ar\/wp-json\/wp\/v2\/product_brand?post=27086"},{"taxonomy":"product_cat","embeddable":true,"href":"https:\/\/beyazbutik.com\/ar\/wp-json\/wp\/v2\/product_cat?post=27086"},{"taxonomy":"product_tag","embeddable":true,"href":"https:\/\/beyazbutik.com\/ar\/wp-json\/wp\/v2\/product_tag?post=27086"}],"curies":[{"name":"wp","href":"https:\/\/api.w.org\/{rel}","templated":true}]}}