{"id":27091,"date":"2025-04-11T15:57:27","date_gmt":"2025-04-11T12:57:27","guid":{"rendered":"https:\/\/beyazbutik.com\/?post_type=product&#038;p=27091"},"modified":"2025-04-14T23:13:35","modified_gmt":"2025-04-14T20:13:35","slug":"clover","status":"publish","type":"product","link":"https:\/\/beyazbutik.com\/ar\/product\/clover\/","title":{"rendered":"Clover"},"content":{"rendered":"","protected":false},"excerpt":{"rendered":"<p>Zarif dantel i\u015f\u00e7ili\u011fiyle saf ve do\u011fal bir g\u00f6r\u00fcn\u00fcm.<\/p>\n","protected":false},"featured_media":27092,"template":"","meta":[],"product_brand":[],"product_cat":[304],"product_tag":[],"class_list":{"0":"post-27091","1":"product","2":"type-product","3":"status-publish","4":"has-post-thumbnail","6":"product_cat-primavera","8":"first","9":"instock","10":"shipping-taxable","11":"product-type-simple"},"_links":{"self":[{"href":"https:\/\/beyazbutik.com\/ar\/wp-json\/wp\/v2\/product\/27091","targetHints":{"allow":["GET"]}}],"collection":[{"href":"https:\/\/beyazbutik.com\/ar\/wp-json\/wp\/v2\/product"}],"about":[{"href":"https:\/\/beyazbutik.com\/ar\/wp-json\/wp\/v2\/types\/product"}],"version-history":[{"count":2,"href":"https:\/\/beyazbutik.com\/ar\/wp-json\/wp\/v2\/product\/27091\/revisions"}],"predecessor-version":[{"id":27432,"href":"https:\/\/beyazbutik.com\/ar\/wp-json\/wp\/v2\/product\/27091\/revisions\/27432"}],"wp:featuredmedia":[{"embeddable":true,"href":"https:\/\/beyazbutik.com\/ar\/wp-json\/wp\/v2\/media\/27092"}],"wp:attachment":[{"href":"https:\/\/beyazbutik.com\/ar\/wp-json\/wp\/v2\/media?parent=27091"}],"wp:term":[{"taxonomy":"product_brand","embeddable":true,"href":"https:\/\/beyazbutik.com\/ar\/wp-json\/wp\/v2\/product_brand?post=27091"},{"taxonomy":"product_cat","embeddable":true,"href":"https:\/\/beyazbutik.com\/ar\/wp-json\/wp\/v2\/product_cat?post=27091"},{"taxonomy":"product_tag","embeddable":true,"href":"https:\/\/beyazbutik.com\/ar\/wp-json\/wp\/v2\/product_tag?post=27091"}],"curies":[{"name":"wp","href":"https:\/\/api.w.org\/{rel}","templated":true}]}}