{"id":27095,"date":"2025-04-11T15:58:21","date_gmt":"2025-04-11T12:58:21","guid":{"rendered":"https:\/\/beyazbutik.com\/?post_type=product&#038;p=27095"},"modified":"2025-04-14T23:14:05","modified_gmt":"2025-04-14T20:14:05","slug":"emma","status":"publish","type":"product","link":"https:\/\/beyazbutik.com\/ar\/product\/emma\/","title":{"rendered":"Emma"},"content":{"rendered":"","protected":false},"excerpt":{"rendered":"<p>Hafif dokusu ve ince detaylar\u0131yla b\u00fcy\u00fcleyici bir zarafet sunar.<\/p>\n","protected":false},"featured_media":27096,"template":"","meta":[],"product_brand":[],"product_cat":[304],"product_tag":[],"class_list":{"0":"post-27095","1":"product","2":"type-product","3":"status-publish","4":"has-post-thumbnail","6":"product_cat-primavera","8":"first","9":"instock","10":"shipping-taxable","11":"product-type-simple"},"_links":{"self":[{"href":"https:\/\/beyazbutik.com\/ar\/wp-json\/wp\/v2\/product\/27095","targetHints":{"allow":["GET"]}}],"collection":[{"href":"https:\/\/beyazbutik.com\/ar\/wp-json\/wp\/v2\/product"}],"about":[{"href":"https:\/\/beyazbutik.com\/ar\/wp-json\/wp\/v2\/types\/product"}],"version-history":[{"count":1,"href":"https:\/\/beyazbutik.com\/ar\/wp-json\/wp\/v2\/product\/27095\/revisions"}],"predecessor-version":[{"id":27098,"href":"https:\/\/beyazbutik.com\/ar\/wp-json\/wp\/v2\/product\/27095\/revisions\/27098"}],"wp:featuredmedia":[{"embeddable":true,"href":"https:\/\/beyazbutik.com\/ar\/wp-json\/wp\/v2\/media\/27096"}],"wp:attachment":[{"href":"https:\/\/beyazbutik.com\/ar\/wp-json\/wp\/v2\/media?parent=27095"}],"wp:term":[{"taxonomy":"product_brand","embeddable":true,"href":"https:\/\/beyazbutik.com\/ar\/wp-json\/wp\/v2\/product_brand?post=27095"},{"taxonomy":"product_cat","embeddable":true,"href":"https:\/\/beyazbutik.com\/ar\/wp-json\/wp\/v2\/product_cat?post=27095"},{"taxonomy":"product_tag","embeddable":true,"href":"https:\/\/beyazbutik.com\/ar\/wp-json\/wp\/v2\/product_tag?post=27095"}],"curies":[{"name":"wp","href":"https:\/\/api.w.org\/{rel}","templated":true}]}}