{"id":27103,"date":"2025-04-11T15:58:19","date_gmt":"2025-04-11T12:58:19","guid":{"rendered":"https:\/\/beyazbutik.com\/?post_type=product&#038;p=27103"},"modified":"2025-04-14T23:17:56","modified_gmt":"2025-04-14T20:17:56","slug":"kaira","status":"publish","type":"product","link":"https:\/\/beyazbutik.com\/ar\/product\/kaira\/","title":{"rendered":"Kaira"},"content":{"rendered":"","protected":false},"excerpt":{"rendered":"<p>I\u015f\u0131lt\u0131l\u0131 kuma\u015f\u0131 ve uzun kollu zarafetiyle asil bir duru\u015f.<\/p>\n","protected":false},"featured_media":27104,"template":"","meta":[],"product_brand":[],"product_cat":[246,304],"product_tag":[],"class_list":{"0":"post-27103","1":"product","2":"type-product","3":"status-publish","4":"has-post-thumbnail","6":"product_cat-koleksiyonlar","7":"product_cat-primavera","9":"first","10":"instock","11":"shipping-taxable","12":"product-type-simple"},"_links":{"self":[{"href":"https:\/\/beyazbutik.com\/ar\/wp-json\/wp\/v2\/product\/27103","targetHints":{"allow":["GET"]}}],"collection":[{"href":"https:\/\/beyazbutik.com\/ar\/wp-json\/wp\/v2\/product"}],"about":[{"href":"https:\/\/beyazbutik.com\/ar\/wp-json\/wp\/v2\/types\/product"}],"version-history":[{"count":3,"href":"https:\/\/beyazbutik.com\/ar\/wp-json\/wp\/v2\/product\/27103\/revisions"}],"predecessor-version":[{"id":27384,"href":"https:\/\/beyazbutik.com\/ar\/wp-json\/wp\/v2\/product\/27103\/revisions\/27384"}],"wp:featuredmedia":[{"embeddable":true,"href":"https:\/\/beyazbutik.com\/ar\/wp-json\/wp\/v2\/media\/27104"}],"wp:attachment":[{"href":"https:\/\/beyazbutik.com\/ar\/wp-json\/wp\/v2\/media?parent=27103"}],"wp:term":[{"taxonomy":"product_brand","embeddable":true,"href":"https:\/\/beyazbutik.com\/ar\/wp-json\/wp\/v2\/product_brand?post=27103"},{"taxonomy":"product_cat","embeddable":true,"href":"https:\/\/beyazbutik.com\/ar\/wp-json\/wp\/v2\/product_cat?post=27103"},{"taxonomy":"product_tag","embeddable":true,"href":"https:\/\/beyazbutik.com\/ar\/wp-json\/wp\/v2\/product_tag?post=27103"}],"curies":[{"name":"wp","href":"https:\/\/api.w.org\/{rel}","templated":true}]}}