{"id":27111,"date":"2025-04-11T15:58:20","date_gmt":"2025-04-11T12:58:20","guid":{"rendered":"https:\/\/beyazbutik.com\/?post_type=product&#038;p=27111"},"modified":"2025-04-14T23:19:28","modified_gmt":"2025-04-14T20:19:28","slug":"laura","status":"publish","type":"product","link":"https:\/\/beyazbutik.com\/ar\/product\/laura\/","title":{"rendered":"Laura"},"content":{"rendered":"","protected":false},"excerpt":{"rendered":"<p>Minimalist \u00e7izgilerle sade, g\u00fc\u00e7l\u00fc ve zamans\u0131z bir tasar\u0131m.<\/p>\n","protected":false},"featured_media":27112,"template":"","meta":[],"product_brand":[],"product_cat":[304],"product_tag":[],"class_list":{"0":"post-27111","1":"product","2":"type-product","3":"status-publish","4":"has-post-thumbnail","6":"product_cat-primavera","8":"first","9":"instock","10":"shipping-taxable","11":"product-type-simple"},"_links":{"self":[{"href":"https:\/\/beyazbutik.com\/ar\/wp-json\/wp\/v2\/product\/27111","targetHints":{"allow":["GET"]}}],"collection":[{"href":"https:\/\/beyazbutik.com\/ar\/wp-json\/wp\/v2\/product"}],"about":[{"href":"https:\/\/beyazbutik.com\/ar\/wp-json\/wp\/v2\/types\/product"}],"version-history":[{"count":2,"href":"https:\/\/beyazbutik.com\/ar\/wp-json\/wp\/v2\/product\/27111\/revisions"}],"predecessor-version":[{"id":27120,"href":"https:\/\/beyazbutik.com\/ar\/wp-json\/wp\/v2\/product\/27111\/revisions\/27120"}],"wp:featuredmedia":[{"embeddable":true,"href":"https:\/\/beyazbutik.com\/ar\/wp-json\/wp\/v2\/media\/27112"}],"wp:attachment":[{"href":"https:\/\/beyazbutik.com\/ar\/wp-json\/wp\/v2\/media?parent=27111"}],"wp:term":[{"taxonomy":"product_brand","embeddable":true,"href":"https:\/\/beyazbutik.com\/ar\/wp-json\/wp\/v2\/product_brand?post=27111"},{"taxonomy":"product_cat","embeddable":true,"href":"https:\/\/beyazbutik.com\/ar\/wp-json\/wp\/v2\/product_cat?post=27111"},{"taxonomy":"product_tag","embeddable":true,"href":"https:\/\/beyazbutik.com\/ar\/wp-json\/wp\/v2\/product_tag?post=27111"}],"curies":[{"name":"wp","href":"https:\/\/api.w.org\/{rel}","templated":true}]}}