{"id":27119,"date":"2025-04-11T15:58:20","date_gmt":"2025-04-11T12:58:20","guid":{"rendered":"https:\/\/beyazbutik.com\/?post_type=product&#038;p=27119"},"modified":"2025-04-14T23:26:52","modified_gmt":"2025-04-14T20:26:52","slug":"lucia","status":"publish","type":"product","link":"https:\/\/beyazbutik.com\/ar\/product\/lucia\/","title":{"rendered":"Lucia"},"content":{"rendered":"","protected":false},"excerpt":{"rendered":"<p>\u0130nce i\u015f\u00e7ilikli dantel ve zarif siluetiyle romantik bir duru\u015f.<\/p>\n","protected":false},"featured_media":27123,"template":"","meta":[],"product_brand":[],"product_cat":[304],"product_tag":[],"class_list":{"0":"post-27119","1":"product","2":"type-product","3":"status-publish","4":"has-post-thumbnail","6":"product_cat-primavera","8":"first","9":"instock","10":"shipping-taxable","11":"product-type-simple"},"_links":{"self":[{"href":"https:\/\/beyazbutik.com\/ar\/wp-json\/wp\/v2\/product\/27119","targetHints":{"allow":["GET"]}}],"collection":[{"href":"https:\/\/beyazbutik.com\/ar\/wp-json\/wp\/v2\/product"}],"about":[{"href":"https:\/\/beyazbutik.com\/ar\/wp-json\/wp\/v2\/types\/product"}],"version-history":[{"count":1,"href":"https:\/\/beyazbutik.com\/ar\/wp-json\/wp\/v2\/product\/27119\/revisions"}],"predecessor-version":[{"id":27127,"href":"https:\/\/beyazbutik.com\/ar\/wp-json\/wp\/v2\/product\/27119\/revisions\/27127"}],"wp:featuredmedia":[{"embeddable":true,"href":"https:\/\/beyazbutik.com\/ar\/wp-json\/wp\/v2\/media\/27123"}],"wp:attachment":[{"href":"https:\/\/beyazbutik.com\/ar\/wp-json\/wp\/v2\/media?parent=27119"}],"wp:term":[{"taxonomy":"product_brand","embeddable":true,"href":"https:\/\/beyazbutik.com\/ar\/wp-json\/wp\/v2\/product_brand?post=27119"},{"taxonomy":"product_cat","embeddable":true,"href":"https:\/\/beyazbutik.com\/ar\/wp-json\/wp\/v2\/product_cat?post=27119"},{"taxonomy":"product_tag","embeddable":true,"href":"https:\/\/beyazbutik.com\/ar\/wp-json\/wp\/v2\/product_tag?post=27119"}],"curies":[{"name":"wp","href":"https:\/\/api.w.org\/{rel}","templated":true}]}}