{"id":27132,"date":"2025-04-11T15:58:20","date_gmt":"2025-04-11T12:58:20","guid":{"rendered":"https:\/\/beyazbutik.com\/?post_type=product&#038;p=27132"},"modified":"2025-04-14T23:29:54","modified_gmt":"2025-04-14T20:29:54","slug":"nicole","status":"publish","type":"product","link":"https:\/\/beyazbutik.com\/ar\/product\/nicole\/","title":{"rendered":"Nicole"},"content":{"rendered":"","protected":false},"excerpt":{"rendered":"<p>Klasik A kesim ve sade parlakl\u0131kla zamans\u0131z bir \u015f\u0131kl\u0131k sunar.<\/p>\n","protected":false},"featured_media":27133,"template":"","meta":[],"product_brand":[],"product_cat":[304],"product_tag":[],"class_list":{"0":"post-27132","1":"product","2":"type-product","3":"status-publish","4":"has-post-thumbnail","6":"product_cat-primavera","8":"first","9":"instock","10":"shipping-taxable","11":"product-type-simple"},"_links":{"self":[{"href":"https:\/\/beyazbutik.com\/ar\/wp-json\/wp\/v2\/product\/27132","targetHints":{"allow":["GET"]}}],"collection":[{"href":"https:\/\/beyazbutik.com\/ar\/wp-json\/wp\/v2\/product"}],"about":[{"href":"https:\/\/beyazbutik.com\/ar\/wp-json\/wp\/v2\/types\/product"}],"version-history":[{"count":2,"href":"https:\/\/beyazbutik.com\/ar\/wp-json\/wp\/v2\/product\/27132\/revisions"}],"predecessor-version":[{"id":27420,"href":"https:\/\/beyazbutik.com\/ar\/wp-json\/wp\/v2\/product\/27132\/revisions\/27420"}],"wp:featuredmedia":[{"embeddable":true,"href":"https:\/\/beyazbutik.com\/ar\/wp-json\/wp\/v2\/media\/27133"}],"wp:attachment":[{"href":"https:\/\/beyazbutik.com\/ar\/wp-json\/wp\/v2\/media?parent=27132"}],"wp:term":[{"taxonomy":"product_brand","embeddable":true,"href":"https:\/\/beyazbutik.com\/ar\/wp-json\/wp\/v2\/product_brand?post=27132"},{"taxonomy":"product_cat","embeddable":true,"href":"https:\/\/beyazbutik.com\/ar\/wp-json\/wp\/v2\/product_cat?post=27132"},{"taxonomy":"product_tag","embeddable":true,"href":"https:\/\/beyazbutik.com\/ar\/wp-json\/wp\/v2\/product_tag?post=27132"}],"curies":[{"name":"wp","href":"https:\/\/api.w.org\/{rel}","templated":true}]}}