{"id":27145,"date":"2025-04-11T15:58:19","date_gmt":"2025-04-11T12:58:19","guid":{"rendered":"https:\/\/beyazbutik.com\/?post_type=product&#038;p=27145"},"modified":"2025-04-14T23:31:42","modified_gmt":"2025-04-14T20:31:42","slug":"rosie","status":"publish","type":"product","link":"https:\/\/beyazbutik.com\/ar\/product\/rosie\/","title":{"rendered":"Rosie"},"content":{"rendered":"","protected":false},"excerpt":{"rendered":"<p>\u00dc\u00e7 boyutlu \u00e7i\u00e7ek volanlar\u0131yla g\u00f6steri\u015fli ve sanatsal bir tasar\u0131m.<\/p>\n","protected":false},"featured_media":27146,"template":"","meta":[],"product_brand":[],"product_cat":[304],"product_tag":[],"class_list":{"0":"post-27145","1":"product","2":"type-product","3":"status-publish","4":"has-post-thumbnail","6":"product_cat-primavera","8":"first","9":"instock","10":"shipping-taxable","11":"product-type-simple"},"_links":{"self":[{"href":"https:\/\/beyazbutik.com\/ar\/wp-json\/wp\/v2\/product\/27145","targetHints":{"allow":["GET"]}}],"collection":[{"href":"https:\/\/beyazbutik.com\/ar\/wp-json\/wp\/v2\/product"}],"about":[{"href":"https:\/\/beyazbutik.com\/ar\/wp-json\/wp\/v2\/types\/product"}],"version-history":[{"count":1,"href":"https:\/\/beyazbutik.com\/ar\/wp-json\/wp\/v2\/product\/27145\/revisions"}],"predecessor-version":[{"id":27150,"href":"https:\/\/beyazbutik.com\/ar\/wp-json\/wp\/v2\/product\/27145\/revisions\/27150"}],"wp:featuredmedia":[{"embeddable":true,"href":"https:\/\/beyazbutik.com\/ar\/wp-json\/wp\/v2\/media\/27146"}],"wp:attachment":[{"href":"https:\/\/beyazbutik.com\/ar\/wp-json\/wp\/v2\/media?parent=27145"}],"wp:term":[{"taxonomy":"product_brand","embeddable":true,"href":"https:\/\/beyazbutik.com\/ar\/wp-json\/wp\/v2\/product_brand?post=27145"},{"taxonomy":"product_cat","embeddable":true,"href":"https:\/\/beyazbutik.com\/ar\/wp-json\/wp\/v2\/product_cat?post=27145"},{"taxonomy":"product_tag","embeddable":true,"href":"https:\/\/beyazbutik.com\/ar\/wp-json\/wp\/v2\/product_tag?post=27145"}],"curies":[{"name":"wp","href":"https:\/\/api.w.org\/{rel}","templated":true}]}}