{"id":27151,"date":"2025-04-11T15:58:20","date_gmt":"2025-04-11T12:58:20","guid":{"rendered":"https:\/\/beyazbutik.com\/?post_type=product&#038;p=27151"},"modified":"2025-04-14T23:32:52","modified_gmt":"2025-04-14T20:32:52","slug":"rumia","status":"publish","type":"product","link":"https:\/\/beyazbutik.com\/ar\/product\/rumia\/","title":{"rendered":"Rumia"},"content":{"rendered":"","protected":false},"excerpt":{"rendered":"<p>Ak\u0131c\u0131 kuma\u015f\u0131 ve sade tasar\u0131m\u0131yla do\u011fal ve zarif bir \u015f\u0131kl\u0131k.<\/p>\n","protected":false},"featured_media":27152,"template":"","meta":[],"product_brand":[],"product_cat":[304],"product_tag":[],"class_list":{"0":"post-27151","1":"product","2":"type-product","3":"status-publish","4":"has-post-thumbnail","6":"product_cat-primavera","8":"first","9":"instock","10":"shipping-taxable","11":"product-type-simple"},"_links":{"self":[{"href":"https:\/\/beyazbutik.com\/ar\/wp-json\/wp\/v2\/product\/27151","targetHints":{"allow":["GET"]}}],"collection":[{"href":"https:\/\/beyazbutik.com\/ar\/wp-json\/wp\/v2\/product"}],"about":[{"href":"https:\/\/beyazbutik.com\/ar\/wp-json\/wp\/v2\/types\/product"}],"version-history":[{"count":1,"href":"https:\/\/beyazbutik.com\/ar\/wp-json\/wp\/v2\/product\/27151\/revisions"}],"predecessor-version":[{"id":27154,"href":"https:\/\/beyazbutik.com\/ar\/wp-json\/wp\/v2\/product\/27151\/revisions\/27154"}],"wp:featuredmedia":[{"embeddable":true,"href":"https:\/\/beyazbutik.com\/ar\/wp-json\/wp\/v2\/media\/27152"}],"wp:attachment":[{"href":"https:\/\/beyazbutik.com\/ar\/wp-json\/wp\/v2\/media?parent=27151"}],"wp:term":[{"taxonomy":"product_brand","embeddable":true,"href":"https:\/\/beyazbutik.com\/ar\/wp-json\/wp\/v2\/product_brand?post=27151"},{"taxonomy":"product_cat","embeddable":true,"href":"https:\/\/beyazbutik.com\/ar\/wp-json\/wp\/v2\/product_cat?post=27151"},{"taxonomy":"product_tag","embeddable":true,"href":"https:\/\/beyazbutik.com\/ar\/wp-json\/wp\/v2\/product_tag?post=27151"}],"curies":[{"name":"wp","href":"https:\/\/api.w.org\/{rel}","templated":true}]}}