{"id":27167,"date":"2025-04-11T15:58:19","date_gmt":"2025-04-11T12:58:19","guid":{"rendered":"https:\/\/beyazbutik.com\/?post_type=product&#038;p=27167"},"modified":"2025-04-14T23:38:44","modified_gmt":"2025-04-14T20:38:44","slug":"pia","status":"publish","type":"product","link":"https:\/\/beyazbutik.com\/ar\/product\/pia\/","title":{"rendered":"Pia"},"content":{"rendered":"","protected":false},"excerpt":{"rendered":"<p>Mini balon ete\u011fi ve zarif \u00fcst k\u0131sm\u0131yla e\u011flenceli ve \u00e7arp\u0131c\u0131 bir tarz.<\/p>\n","protected":false},"featured_media":27168,"template":"","meta":[],"product_brand":[],"product_cat":[304],"product_tag":[],"class_list":{"0":"post-27167","1":"product","2":"type-product","3":"status-publish","4":"has-post-thumbnail","6":"product_cat-primavera","8":"first","9":"instock","10":"shipping-taxable","11":"product-type-simple"},"_links":{"self":[{"href":"https:\/\/beyazbutik.com\/ar\/wp-json\/wp\/v2\/product\/27167","targetHints":{"allow":["GET"]}}],"collection":[{"href":"https:\/\/beyazbutik.com\/ar\/wp-json\/wp\/v2\/product"}],"about":[{"href":"https:\/\/beyazbutik.com\/ar\/wp-json\/wp\/v2\/types\/product"}],"version-history":[{"count":4,"href":"https:\/\/beyazbutik.com\/ar\/wp-json\/wp\/v2\/product\/27167\/revisions"}],"predecessor-version":[{"id":27552,"href":"https:\/\/beyazbutik.com\/ar\/wp-json\/wp\/v2\/product\/27167\/revisions\/27552"}],"wp:featuredmedia":[{"embeddable":true,"href":"https:\/\/beyazbutik.com\/ar\/wp-json\/wp\/v2\/media\/27168"}],"wp:attachment":[{"href":"https:\/\/beyazbutik.com\/ar\/wp-json\/wp\/v2\/media?parent=27167"}],"wp:term":[{"taxonomy":"product_brand","embeddable":true,"href":"https:\/\/beyazbutik.com\/ar\/wp-json\/wp\/v2\/product_brand?post=27167"},{"taxonomy":"product_cat","embeddable":true,"href":"https:\/\/beyazbutik.com\/ar\/wp-json\/wp\/v2\/product_cat?post=27167"},{"taxonomy":"product_tag","embeddable":true,"href":"https:\/\/beyazbutik.com\/ar\/wp-json\/wp\/v2\/product_tag?post=27167"}],"curies":[{"name":"wp","href":"https:\/\/api.w.org\/{rel}","templated":true}]}}