{"id":27171,"date":"2025-04-11T15:58:19","date_gmt":"2025-04-11T12:58:19","guid":{"rendered":"https:\/\/beyazbutik.com\/?post_type=product&#038;p=27171"},"modified":"2025-04-14T23:39:45","modified_gmt":"2025-04-14T20:39:45","slug":"prelia","status":"publish","type":"product","link":"https:\/\/beyazbutik.com\/ar\/product\/prelia\/","title":{"rendered":"Prelia"},"content":{"rendered":"","protected":false},"excerpt":{"rendered":"<p>Hafif t\u00fcl katmanlar\u0131yla masals\u0131 ve \u00f6zg\u00fcr bir g\u00f6r\u00fcn\u00fcm.<\/p>\n","protected":false},"featured_media":27172,"template":"","meta":[],"product_brand":[],"product_cat":[304],"product_tag":[],"class_list":{"0":"post-27171","1":"product","2":"type-product","3":"status-publish","4":"has-post-thumbnail","6":"product_cat-primavera","8":"first","9":"instock","10":"shipping-taxable","11":"product-type-simple"},"_links":{"self":[{"href":"https:\/\/beyazbutik.com\/ar\/wp-json\/wp\/v2\/product\/27171","targetHints":{"allow":["GET"]}}],"collection":[{"href":"https:\/\/beyazbutik.com\/ar\/wp-json\/wp\/v2\/product"}],"about":[{"href":"https:\/\/beyazbutik.com\/ar\/wp-json\/wp\/v2\/types\/product"}],"version-history":[{"count":3,"href":"https:\/\/beyazbutik.com\/ar\/wp-json\/wp\/v2\/product\/27171\/revisions"}],"predecessor-version":[{"id":27550,"href":"https:\/\/beyazbutik.com\/ar\/wp-json\/wp\/v2\/product\/27171\/revisions\/27550"}],"wp:featuredmedia":[{"embeddable":true,"href":"https:\/\/beyazbutik.com\/ar\/wp-json\/wp\/v2\/media\/27172"}],"wp:attachment":[{"href":"https:\/\/beyazbutik.com\/ar\/wp-json\/wp\/v2\/media?parent=27171"}],"wp:term":[{"taxonomy":"product_brand","embeddable":true,"href":"https:\/\/beyazbutik.com\/ar\/wp-json\/wp\/v2\/product_brand?post=27171"},{"taxonomy":"product_cat","embeddable":true,"href":"https:\/\/beyazbutik.com\/ar\/wp-json\/wp\/v2\/product_cat?post=27171"},{"taxonomy":"product_tag","embeddable":true,"href":"https:\/\/beyazbutik.com\/ar\/wp-json\/wp\/v2\/product_tag?post=27171"}],"curies":[{"name":"wp","href":"https:\/\/api.w.org\/{rel}","templated":true}]}}