{"id":27826,"date":"2025-12-11T12:14:03","date_gmt":"2025-12-11T09:14:03","guid":{"rendered":"https:\/\/beyazbutik.com\/?post_type=product&#038;p=27826"},"modified":"2025-12-11T12:18:48","modified_gmt":"2025-12-11T09:18:48","slug":"margaux","status":"publish","type":"product","link":"https:\/\/beyazbutik.com\/ar\/product\/margaux\/","title":{"rendered":"Margaux"},"content":{"rendered":"","protected":false},"excerpt":{"rendered":"<p>\u0130nce transparan t\u00fcl \u00fczerine i\u015flenen \u00e7i\u00e7ek aplikeleriyle modern ve sofistike bir siluet sunan zarif gelinlik modeli.<\/p>\n","protected":false},"featured_media":27828,"template":"","meta":[],"product_brand":[],"product_cat":[313],"product_tag":[],"class_list":{"0":"post-27826","1":"product","2":"type-product","3":"status-publish","4":"has-post-thumbnail","6":"product_cat-prelude","8":"first","9":"instock","10":"shipping-taxable","11":"product-type-simple"},"_links":{"self":[{"href":"https:\/\/beyazbutik.com\/ar\/wp-json\/wp\/v2\/product\/27826","targetHints":{"allow":["GET"]}}],"collection":[{"href":"https:\/\/beyazbutik.com\/ar\/wp-json\/wp\/v2\/product"}],"about":[{"href":"https:\/\/beyazbutik.com\/ar\/wp-json\/wp\/v2\/types\/product"}],"version-history":[{"count":1,"href":"https:\/\/beyazbutik.com\/ar\/wp-json\/wp\/v2\/product\/27826\/revisions"}],"predecessor-version":[{"id":27837,"href":"https:\/\/beyazbutik.com\/ar\/wp-json\/wp\/v2\/product\/27826\/revisions\/27837"}],"wp:featuredmedia":[{"embeddable":true,"href":"https:\/\/beyazbutik.com\/ar\/wp-json\/wp\/v2\/media\/27828"}],"wp:attachment":[{"href":"https:\/\/beyazbutik.com\/ar\/wp-json\/wp\/v2\/media?parent=27826"}],"wp:term":[{"taxonomy":"product_brand","embeddable":true,"href":"https:\/\/beyazbutik.com\/ar\/wp-json\/wp\/v2\/product_brand?post=27826"},{"taxonomy":"product_cat","embeddable":true,"href":"https:\/\/beyazbutik.com\/ar\/wp-json\/wp\/v2\/product_cat?post=27826"},{"taxonomy":"product_tag","embeddable":true,"href":"https:\/\/beyazbutik.com\/ar\/wp-json\/wp\/v2\/product_tag?post=27826"}],"curies":[{"name":"wp","href":"https:\/\/api.w.org\/{rel}","templated":true}]}}