{"id":27849,"date":"2025-12-11T12:36:44","date_gmt":"2025-12-11T09:36:44","guid":{"rendered":"https:\/\/beyazbutik.com\/?post_type=product&#038;p=27849"},"modified":"2025-12-11T12:41:35","modified_gmt":"2025-12-11T09:41:35","slug":"corinne","status":"publish","type":"product","link":"https:\/\/beyazbutik.com\/ar\/product\/corinne\/","title":{"rendered":"Corinne"},"content":{"rendered":"","protected":false},"excerpt":{"rendered":"<p>\u0130nce ask\u0131lar ve \u00e7i\u00e7ek aplikeleriyle zarif bir romantizm sunan modern A-kesim gelinlik modeli.<\/p>\n","protected":false},"featured_media":27851,"template":"","meta":[],"product_brand":[],"product_cat":[313],"product_tag":[],"class_list":{"0":"post-27849","1":"product","2":"type-product","3":"status-publish","4":"has-post-thumbnail","6":"product_cat-prelude","8":"first","9":"instock","10":"shipping-taxable","11":"product-type-simple"},"_links":{"self":[{"href":"https:\/\/beyazbutik.com\/ar\/wp-json\/wp\/v2\/product\/27849","targetHints":{"allow":["GET"]}}],"collection":[{"href":"https:\/\/beyazbutik.com\/ar\/wp-json\/wp\/v2\/product"}],"about":[{"href":"https:\/\/beyazbutik.com\/ar\/wp-json\/wp\/v2\/types\/product"}],"version-history":[{"count":2,"href":"https:\/\/beyazbutik.com\/ar\/wp-json\/wp\/v2\/product\/27849\/revisions"}],"predecessor-version":[{"id":27855,"href":"https:\/\/beyazbutik.com\/ar\/wp-json\/wp\/v2\/product\/27849\/revisions\/27855"}],"wp:featuredmedia":[{"embeddable":true,"href":"https:\/\/beyazbutik.com\/ar\/wp-json\/wp\/v2\/media\/27851"}],"wp:attachment":[{"href":"https:\/\/beyazbutik.com\/ar\/wp-json\/wp\/v2\/media?parent=27849"}],"wp:term":[{"taxonomy":"product_brand","embeddable":true,"href":"https:\/\/beyazbutik.com\/ar\/wp-json\/wp\/v2\/product_brand?post=27849"},{"taxonomy":"product_cat","embeddable":true,"href":"https:\/\/beyazbutik.com\/ar\/wp-json\/wp\/v2\/product_cat?post=27849"},{"taxonomy":"product_tag","embeddable":true,"href":"https:\/\/beyazbutik.com\/ar\/wp-json\/wp\/v2\/product_tag?post=27849"}],"curies":[{"name":"wp","href":"https:\/\/api.w.org\/{rel}","templated":true}]}}