{"id":27857,"date":"2025-12-11T12:43:43","date_gmt":"2025-12-11T09:43:43","guid":{"rendered":"https:\/\/beyazbutik.com\/?post_type=product&#038;p=27857"},"modified":"2025-12-11T13:39:39","modified_gmt":"2025-12-11T10:39:39","slug":"elodie","status":"publish","type":"product","link":"https:\/\/beyazbutik.com\/ar\/product\/elodie\/","title":{"rendered":"E\u0301lodie"},"content":{"rendered":"","protected":false},"excerpt":{"rendered":"<p>Derin g\u00f6vde detay\u0131 ve 3D \u00e7i\u00e7ek aplikeleriyle romantik bir \u0131\u015f\u0131lt\u0131 sunan modern A-kesim gelinlik modeli.<\/p>\n","protected":false},"featured_media":27863,"template":"","meta":[],"product_brand":[],"product_cat":[313],"product_tag":[],"class_list":{"0":"post-27857","1":"product","2":"type-product","3":"status-publish","4":"has-post-thumbnail","6":"product_cat-prelude","8":"first","9":"instock","10":"shipping-taxable","11":"product-type-simple"},"_links":{"self":[{"href":"https:\/\/beyazbutik.com\/ar\/wp-json\/wp\/v2\/product\/27857","targetHints":{"allow":["GET"]}}],"collection":[{"href":"https:\/\/beyazbutik.com\/ar\/wp-json\/wp\/v2\/product"}],"about":[{"href":"https:\/\/beyazbutik.com\/ar\/wp-json\/wp\/v2\/types\/product"}],"version-history":[{"count":1,"href":"https:\/\/beyazbutik.com\/ar\/wp-json\/wp\/v2\/product\/27857\/revisions"}],"predecessor-version":[{"id":27859,"href":"https:\/\/beyazbutik.com\/ar\/wp-json\/wp\/v2\/product\/27857\/revisions\/27859"}],"wp:featuredmedia":[{"embeddable":true,"href":"https:\/\/beyazbutik.com\/ar\/wp-json\/wp\/v2\/media\/27863"}],"wp:attachment":[{"href":"https:\/\/beyazbutik.com\/ar\/wp-json\/wp\/v2\/media?parent=27857"}],"wp:term":[{"taxonomy":"product_brand","embeddable":true,"href":"https:\/\/beyazbutik.com\/ar\/wp-json\/wp\/v2\/product_brand?post=27857"},{"taxonomy":"product_cat","embeddable":true,"href":"https:\/\/beyazbutik.com\/ar\/wp-json\/wp\/v2\/product_cat?post=27857"},{"taxonomy":"product_tag","embeddable":true,"href":"https:\/\/beyazbutik.com\/ar\/wp-json\/wp\/v2\/product_tag?post=27857"}],"curies":[{"name":"wp","href":"https:\/\/api.w.org\/{rel}","templated":true}]}}