{"id":27880,"date":"2025-12-11T13:49:01","date_gmt":"2025-12-11T10:49:01","guid":{"rendered":"https:\/\/beyazbutik.com\/?post_type=product&#038;p=27880"},"modified":"2025-12-11T13:51:25","modified_gmt":"2025-12-11T10:51:25","slug":"seraphine","status":"publish","type":"product","link":"https:\/\/beyazbutik.com\/ar\/product\/seraphine\/","title":{"rendered":"Seraphine"},"content":{"rendered":"","protected":false},"excerpt":{"rendered":"<p>Straplez dantel g\u00f6vdesi ve yo\u011fun \u00e7i\u00e7ek i\u015flemeleriyle romantik bir ihti\u015fam sunan A-kesim gelinlik modeli.<\/p>\n","protected":false},"featured_media":27884,"template":"","meta":[],"product_brand":[],"product_cat":[313],"product_tag":[],"class_list":{"0":"post-27880","1":"product","2":"type-product","3":"status-publish","4":"has-post-thumbnail","6":"product_cat-prelude","8":"first","9":"instock","10":"shipping-taxable","11":"product-type-simple"},"_links":{"self":[{"href":"https:\/\/beyazbutik.com\/ar\/wp-json\/wp\/v2\/product\/27880","targetHints":{"allow":["GET"]}}],"collection":[{"href":"https:\/\/beyazbutik.com\/ar\/wp-json\/wp\/v2\/product"}],"about":[{"href":"https:\/\/beyazbutik.com\/ar\/wp-json\/wp\/v2\/types\/product"}],"version-history":[{"count":1,"href":"https:\/\/beyazbutik.com\/ar\/wp-json\/wp\/v2\/product\/27880\/revisions"}],"predecessor-version":[{"id":27882,"href":"https:\/\/beyazbutik.com\/ar\/wp-json\/wp\/v2\/product\/27880\/revisions\/27882"}],"wp:featuredmedia":[{"embeddable":true,"href":"https:\/\/beyazbutik.com\/ar\/wp-json\/wp\/v2\/media\/27884"}],"wp:attachment":[{"href":"https:\/\/beyazbutik.com\/ar\/wp-json\/wp\/v2\/media?parent=27880"}],"wp:term":[{"taxonomy":"product_brand","embeddable":true,"href":"https:\/\/beyazbutik.com\/ar\/wp-json\/wp\/v2\/product_brand?post=27880"},{"taxonomy":"product_cat","embeddable":true,"href":"https:\/\/beyazbutik.com\/ar\/wp-json\/wp\/v2\/product_cat?post=27880"},{"taxonomy":"product_tag","embeddable":true,"href":"https:\/\/beyazbutik.com\/ar\/wp-json\/wp\/v2\/product_tag?post=27880"}],"curies":[{"name":"wp","href":"https:\/\/api.w.org\/{rel}","templated":true}]}}